{"id":2203,"date":"2021-02-06T08:31:15","date_gmt":"2021-02-06T08:31:15","guid":{"rendered":"https:\/\/lenslegal.ee\/kommercheskoe-pravo\/"},"modified":"2021-12-07T08:25:07","modified_gmt":"2021-12-07T08:25:07","slug":"arioigus","status":"publish","type":"page","link":"https:\/\/lenslegal.ee\/et\/arioigus\/","title":{"rendered":"\u00c4ri\u00f5igus"},"content":{"rendered":"<div class=\"wpb-content-wrapper\"><p>[vc_row type=&#8221;vc_default&#8221;][vc_column offset=&#8221;vc_col-lg-12 vc_col-md-12 vc_col-xs-12&#8243;]<div id=\"ultimate-heading-93506a0902e920919\" class=\"uvc-heading ult-adjust-bottom-margin ultimate-heading-93506a0902e920919 uvc-8473 \" data-hspacer=\"no_spacer\"  data-halign=\"left\" style=\"text-align:left\"><div class=\"uvc-heading-spacer no_spacer\" style=\"top\"><\/div><div class=\"uvc-main-heading ult-responsive\"  data-ultimate-target='.uvc-heading.ultimate-heading-93506a0902e920919 h2'  data-responsive-json-new='{\"font-size\":\"\",\"line-height\":\"\"}' ><h2 style=\"font-weight:normal;color:#4c7d95;\">\u00c4ri\u00f5igus<\/h2><\/div><\/div>[vc_separator color=&#8221;custom&#8221; align=&#8221;align_left&#8221; accent_color=&#8221;#98afb3&#8243; css=&#8221;.vc_custom_1615387873386{padding-top: 15px !important;padding-bottom: 35px !important;}&#8221;][vc_column_text el_class=&#8221;textjustify&#8221;]Meie ettev\u00f5te pakub juriidilist tuge paljudele ettev\u00f5tetele nii Eestis kui ka v\u00e4lismaal. Meie spetsialistid pakuvad \u00e4ri\u00f5iguse alaseid \u00f5igusteenuseid, sealhulgas n\u00f5ustamisteenuseid, lepingute ja kokkulepete koostamist, n\u00f5ustamist \u00e4ri\u00fchingute ja varade m\u00fc\u00fcgilepingu s\u00f5lmimisel ning vaidluste lahendamist erinevates valdkondades.[\/vc_column_text][\/vc_column][\/vc_row]<\/p>\n<\/div>","protected":false},"excerpt":{"rendered":"<p>[vc_row type=&#8221;vc_default&#8221;][vc_column offset=&#8221;vc_col-lg-12 vc_col-md-12 vc_col-xs-12&#8243;][vc_separator color=&#8221;custom&#8221; align=&#8221;align_left&#8221; accent_color=&#8221;#98afb3&#8243; css=&#8221;.vc_custom_1615387873386{padding-top: 15px !important;padding-bottom: 35px !important;}&#8221;][vc_column_text el_class=&#8221;textjustify&#8221;]Meie ettev\u00f5te pakub juriidilist tuge paljudele ettev\u00f5tetele nii Eestis kui ka v\u00e4lismaal. Meie spetsialistid pakuvad \u00e4ri\u00f5iguse alaseid \u00f5igusteenuseid, sealhulgas n\u00f5ustamisteenuseid, lepingute ja kokkulepete koostamist, n\u00f5ustamist \u00e4ri\u00fchingute ja varade m\u00fc\u00fcgilepingu s\u00f5lmimisel ning vaidluste lahendamist erinevates valdkondades.[\/vc_column_text][\/vc_column][\/vc_row]<\/p>\n","protected":false},"author":1,"featured_media":0,"parent":0,"menu_order":10,"comment_status":"closed","ping_status":"closed","template":"","meta":{"footnotes":""},"class_list":["post-2203","page","type-page","status-publish","hentry","description-off"],"yoast_head":"<!-- This site is optimized with the Yoast SEO plugin v22.6 - https:\/\/yoast.com\/wordpress\/plugins\/seo\/ -->\n<title>\u00c4ri\u00f5igus - LensLegal O\u00dc<\/title>\n<meta name=\"robots\" content=\"index, follow, max-snippet:-1, max-image-preview:large, max-video-preview:-1\" \/>\n<link rel=\"canonical\" href=\"https:\/\/lenslegal.ee\/et\/arioigus\/\" \/>\n<meta property=\"og:locale\" content=\"et_EE\" \/>\n<meta property=\"og:type\" content=\"article\" \/>\n<meta property=\"og:title\" content=\"\u00c4ri\u00f5igus - LensLegal O\u00dc\" \/>\n<meta property=\"og:description\" content=\"[vc_row type=&#8221;vc_default&#8221;][vc_column offset=&#8221;vc_col-lg-12 vc_col-md-12 vc_col-xs-12&#8243;][vc_separator color=&#8221;custom&#8221; align=&#8221;align_left&#8221; accent_color=&#8221;#98afb3&#8243; css=&#8221;.vc_custom_1615387873386{padding-top: 15px !important;padding-bottom: 35px !important;}&#8221;][vc_column_text el_class=&#8221;textjustify&#8221;]Meie ettev\u00f5te pakub juriidilist tuge paljudele ettev\u00f5tetele nii Eestis kui ka v\u00e4lismaal. Meie spetsialistid pakuvad \u00e4ri\u00f5iguse alaseid \u00f5igusteenuseid, sealhulgas n\u00f5ustamisteenuseid, lepingute ja kokkulepete koostamist, n\u00f5ustamist \u00e4ri\u00fchingute ja varade m\u00fc\u00fcgilepingu s\u00f5lmimisel ning vaidluste lahendamist erinevates valdkondades.[\/vc_column_text][\/vc_column][\/vc_row]\" \/>\n<meta property=\"og:url\" content=\"https:\/\/lenslegal.ee\/et\/arioigus\/\" \/>\n<meta property=\"og:site_name\" content=\"LensLegal O\u00dc\" \/>\n<meta property=\"article:modified_time\" content=\"2021-12-07T08:25:07+00:00\" \/>\n<meta name=\"twitter:card\" content=\"summary_large_image\" \/>\n<meta name=\"twitter:label1\" content=\"Est. reading time\" \/>\n\t<meta name=\"twitter:data1\" content=\"1 minut\" \/>\n<script type=\"application\/ld+json\" class=\"yoast-schema-graph\">{\"@context\":\"https:\/\/schema.org\",\"@graph\":[{\"@type\":\"WebPage\",\"@id\":\"https:\/\/lenslegal.ee\/et\/arioigus\/\",\"url\":\"https:\/\/lenslegal.ee\/et\/arioigus\/\",\"name\":\"\u00c4ri\u00f5igus - LensLegal O\u00dc\",\"isPartOf\":{\"@id\":\"https:\/\/lenslegal.ee\/#website\"},\"datePublished\":\"2021-02-06T08:31:15+00:00\",\"dateModified\":\"2021-12-07T08:25:07+00:00\",\"breadcrumb\":{\"@id\":\"https:\/\/lenslegal.ee\/et\/arioigus\/#breadcrumb\"},\"inLanguage\":\"et\",\"potentialAction\":[{\"@type\":\"ReadAction\",\"target\":[\"https:\/\/lenslegal.ee\/et\/arioigus\/\"]}]},{\"@type\":\"BreadcrumbList\",\"@id\":\"https:\/\/lenslegal.ee\/et\/arioigus\/#breadcrumb\",\"itemListElement\":[{\"@type\":\"ListItem\",\"position\":1,\"name\":\"Home\",\"item\":\"https:\/\/lenslegal.ee\/et\/\"},{\"@type\":\"ListItem\",\"position\":2,\"name\":\"\u00c4ri\u00f5igus\"}]},{\"@type\":\"WebSite\",\"@id\":\"https:\/\/lenslegal.ee\/#website\",\"url\":\"https:\/\/lenslegal.ee\/\",\"name\":\"LensLegal O\u00dc\",\"description\":\"\",\"publisher\":{\"@id\":\"https:\/\/lenslegal.ee\/#organization\"},\"potentialAction\":[{\"@type\":\"SearchAction\",\"target\":{\"@type\":\"EntryPoint\",\"urlTemplate\":\"https:\/\/lenslegal.ee\/?s={search_term_string}\"},\"query-input\":\"required name=search_term_string\"}],\"inLanguage\":\"et\"},{\"@type\":\"Organization\",\"@id\":\"https:\/\/lenslegal.ee\/#organization\",\"name\":\"LensLegal O\u00dc\",\"url\":\"https:\/\/lenslegal.ee\/\",\"logo\":{\"@type\":\"ImageObject\",\"inLanguage\":\"et\",\"@id\":\"https:\/\/lenslegal.ee\/#\/schema\/logo\/image\/\",\"url\":\"https:\/\/lenslegal.ee\/wp-content\/uploads\/2021\/01\/LensLegal-logo-hd.png\",\"contentUrl\":\"https:\/\/lenslegal.ee\/wp-content\/uploads\/2021\/01\/LensLegal-logo-hd.png\",\"width\":370,\"height\":51,\"caption\":\"LensLegal O\u00dc\"},\"image\":{\"@id\":\"https:\/\/lenslegal.ee\/#\/schema\/logo\/image\/\"}}]}<\/script>\n<!-- \/ Yoast SEO plugin. -->","yoast_head_json":{"title":"\u00c4ri\u00f5igus - LensLegal O\u00dc","robots":{"index":"index","follow":"follow","max-snippet":"max-snippet:-1","max-image-preview":"max-image-preview:large","max-video-preview":"max-video-preview:-1"},"canonical":"https:\/\/lenslegal.ee\/et\/arioigus\/","og_locale":"et_EE","og_type":"article","og_title":"\u00c4ri\u00f5igus - LensLegal O\u00dc","og_description":"[vc_row type=&#8221;vc_default&#8221;][vc_column offset=&#8221;vc_col-lg-12 vc_col-md-12 vc_col-xs-12&#8243;][vc_separator color=&#8221;custom&#8221; align=&#8221;align_left&#8221; accent_color=&#8221;#98afb3&#8243; css=&#8221;.vc_custom_1615387873386{padding-top: 15px !important;padding-bottom: 35px !important;}&#8221;][vc_column_text el_class=&#8221;textjustify&#8221;]Meie ettev\u00f5te pakub juriidilist tuge paljudele ettev\u00f5tetele nii Eestis kui ka v\u00e4lismaal. Meie spetsialistid pakuvad \u00e4ri\u00f5iguse alaseid \u00f5igusteenuseid, sealhulgas n\u00f5ustamisteenuseid, lepingute ja kokkulepete koostamist, n\u00f5ustamist \u00e4ri\u00fchingute ja varade m\u00fc\u00fcgilepingu s\u00f5lmimisel ning vaidluste lahendamist erinevates valdkondades.[\/vc_column_text][\/vc_column][\/vc_row]","og_url":"https:\/\/lenslegal.ee\/et\/arioigus\/","og_site_name":"LensLegal O\u00dc","article_modified_time":"2021-12-07T08:25:07+00:00","twitter_card":"summary_large_image","twitter_misc":{"Est. reading time":"1 minut"},"schema":{"@context":"https:\/\/schema.org","@graph":[{"@type":"WebPage","@id":"https:\/\/lenslegal.ee\/et\/arioigus\/","url":"https:\/\/lenslegal.ee\/et\/arioigus\/","name":"\u00c4ri\u00f5igus - LensLegal O\u00dc","isPartOf":{"@id":"https:\/\/lenslegal.ee\/#website"},"datePublished":"2021-02-06T08:31:15+00:00","dateModified":"2021-12-07T08:25:07+00:00","breadcrumb":{"@id":"https:\/\/lenslegal.ee\/et\/arioigus\/#breadcrumb"},"inLanguage":"et","potentialAction":[{"@type":"ReadAction","target":["https:\/\/lenslegal.ee\/et\/arioigus\/"]}]},{"@type":"BreadcrumbList","@id":"https:\/\/lenslegal.ee\/et\/arioigus\/#breadcrumb","itemListElement":[{"@type":"ListItem","position":1,"name":"Home","item":"https:\/\/lenslegal.ee\/et\/"},{"@type":"ListItem","position":2,"name":"\u00c4ri\u00f5igus"}]},{"@type":"WebSite","@id":"https:\/\/lenslegal.ee\/#website","url":"https:\/\/lenslegal.ee\/","name":"LensLegal O\u00dc","description":"","publisher":{"@id":"https:\/\/lenslegal.ee\/#organization"},"potentialAction":[{"@type":"SearchAction","target":{"@type":"EntryPoint","urlTemplate":"https:\/\/lenslegal.ee\/?s={search_term_string}"},"query-input":"required name=search_term_string"}],"inLanguage":"et"},{"@type":"Organization","@id":"https:\/\/lenslegal.ee\/#organization","name":"LensLegal O\u00dc","url":"https:\/\/lenslegal.ee\/","logo":{"@type":"ImageObject","inLanguage":"et","@id":"https:\/\/lenslegal.ee\/#\/schema\/logo\/image\/","url":"https:\/\/lenslegal.ee\/wp-content\/uploads\/2021\/01\/LensLegal-logo-hd.png","contentUrl":"https:\/\/lenslegal.ee\/wp-content\/uploads\/2021\/01\/LensLegal-logo-hd.png","width":370,"height":51,"caption":"LensLegal O\u00dc"},"image":{"@id":"https:\/\/lenslegal.ee\/#\/schema\/logo\/image\/"}}]}},"_links":{"self":[{"href":"https:\/\/lenslegal.ee\/et\/wp-json\/wp\/v2\/pages\/2203","targetHints":{"allow":["GET"]}}],"collection":[{"href":"https:\/\/lenslegal.ee\/et\/wp-json\/wp\/v2\/pages"}],"about":[{"href":"https:\/\/lenslegal.ee\/et\/wp-json\/wp\/v2\/types\/page"}],"author":[{"embeddable":true,"href":"https:\/\/lenslegal.ee\/et\/wp-json\/wp\/v2\/users\/1"}],"replies":[{"embeddable":true,"href":"https:\/\/lenslegal.ee\/et\/wp-json\/wp\/v2\/comments?post=2203"}],"version-history":[{"count":1,"href":"https:\/\/lenslegal.ee\/et\/wp-json\/wp\/v2\/pages\/2203\/revisions"}],"predecessor-version":[{"id":2204,"href":"https:\/\/lenslegal.ee\/et\/wp-json\/wp\/v2\/pages\/2203\/revisions\/2204"}],"wp:attachment":[{"href":"https:\/\/lenslegal.ee\/et\/wp-json\/wp\/v2\/media?parent=2203"}],"curies":[{"name":"wp","href":"https:\/\/api.w.org\/{rel}","templated":true}]}}