{"id":2206,"date":"2021-02-06T09:46:52","date_gmt":"2021-02-06T09:46:52","guid":{"rendered":"https:\/\/lenslegal.ee\/arioigus\/registracziya-pokupka-kompanij\/"},"modified":"2021-12-07T08:47:32","modified_gmt":"2021-12-07T08:47:32","slug":"ariuhingute-teenused","status":"publish","type":"page","link":"https:\/\/lenslegal.ee\/et\/arioigus\/ariuhingute-teenused\/","title":{"rendered":"\u00c4ri\u00fchingute teenused"},"content":{"rendered":"<div class=\"wpb-content-wrapper\"><p>[vc_row type=&#8221;vc_default&#8221;][vc_column offset=&#8221;vc_col-lg-12 vc_col-md-12 vc_col-xs-12&#8243;]<div id=\"ultimate-heading-494769f459677c8ec\" class=\"uvc-heading ult-adjust-bottom-margin ultimate-heading-494769f459677c8ec uvc-56 \" data-hspacer=\"no_spacer\"  data-halign=\"left\" style=\"text-align:left\"><div class=\"uvc-heading-spacer no_spacer\" style=\"top\"><\/div><div class=\"uvc-main-heading ult-responsive\"  data-ultimate-target='.uvc-heading.ultimate-heading-494769f459677c8ec h2'  data-responsive-json-new='{\"font-size\":\"\",\"line-height\":\"\"}' ><h2 style=\"font-weight:normal;color:#4c7d95;\">\u00c4ri\u00fchingute teenused<\/h2><\/div><\/div>[vc_separator color=&#8221;custom&#8221; align=&#8221;align_left&#8221; accent_color=&#8221;#98afb3&#8243; css=&#8221;.vc_custom_1615387873386{padding-top: 15px !important;padding-bottom: 35px !important;}&#8221;][vc_column_text el_class=&#8221;textjustify&#8221;]Pakume teenuseid \u00e4ri\u00fchingute ja mittetulunduslike \u00fchenduste asutamisel, pakume juriidilist n\u00f5ustamist sobiva \u00e4ri\u00fchingu otsimisel ja tehingu vormistamisel.<br \/>\nEesti pakub e-residendi kaardi v\u00f5i ID-kaardi omanikule k\u00f5ige lihtsamat ja kiiremat viisi \u00e4ri\u00fchingu ostmiseks v\u00f5i asutamiseks kaugt\u00f5estamise teel. Kaasaegseid tehnoloogiaid kasutades tekib praegu \u00fcha rohkem v\u00f5imalusi \u00e4ritegevusega alustamiseks, mis teeb Eesti \u00e4risuhete valdkonnas k\u00f5ige atraktiivsemaks. Eriti tehingu kaugt\u00f5estamise v\u00f5imalus muudab notariaalse protseduuri m\u00e4rksa mugavamaks ja k\u00e4ttesaadavamaks. P\u00f5hjalikuma infoga saate tutvuda, liikudes meie veebilehek\u00fcljel oleva lingi kaudu aadressile:<br \/>\n<a href=\"https:\/\/www.notar.ee\/ru\/teabekeskus\/kaugtoestus\" target=\"_blank\" rel=\"noopener\">https:\/\/www.notar.ee\/ru\/teabekeskus\/kaugtoestus<\/a>.<\/p>\n<h3>Meie spetsialistid:<\/h3>\n<ul>\n<li>n\u00f5ustavad Teid ja aitavad leida k\u00f5ige kiirema lahenduse \u00e4ri alustamiseks;<\/li>\n<li>aitavad valida \u00e4ri\u00fchingule sobiva \u00e4rinime, j\u00e4rgides intellektuaalse omandi kaitse n\u00f5udeid;<\/li>\n<li>korraldavad esindamist lepingulisel alusel riigiasutustes, notarib\u00fcroodes ja muudes asutustes tehingu vormistamiseks;<\/li>\n<li>aitavad vormistada notariaalset t\u00f5estamist ja dokumentide t\u00f5lkimist;<\/li>\n<li>aitavad hinnata mitterahalist sissemakset, kaasates selleks vastavaid spetsialiste ja audiitorit vastavalt kehtiva seadusandluse n\u00f5uetele.<\/li>\n<\/ul>\n<h3>Mida on vaja teada \u00e4ri\u00fchingu registreerimisest:<\/h3>\n<ol>\n<li>\u00c4ri\u00fchingu registreerimine \u2013 see on esimene t\u00e4htsaim samm Teie \u00e4ristruktuuri \u00fclesehitamisel.<\/li>\n<li>\u00c4ri\u00fchingu registreerimiseks on mitu v\u00f5imalust:\n<ul>\n<li>kasutada meie spetsialisti abi ja esindamist tehingus \u00e4ri\u00fchingu registreerimisel;<\/li>\n<li>kasutada vastavat tarkvara ja online keskkonda \u00e4ri\u00fchingu asutamiseks iseseisvalt v\u00f5i meie firma spetsialisti abiga. \u00c4ri\u00fchingu online-keskkonnas asutamise eelduseks on Eesti Vabariigi e-residendi kaardi, ID-kaardi olemasolu.<\/li>\n<\/ul>\n<\/li>\n<li>Eestis teostatakse \u00e4ri\u00fchingu registreerimist \u00e4riregistri elektroonilises ettev\u00f5tjaportaalis v\u00f5i registreerimisega notari juures. \u00c4ri\u00fching registreeritakse l\u00f5puks Eesti Vabariigi \u00e4riregistris.<\/li>\n<li>Enne \u00e4ri\u00fchingu asutamist tuleb Teil m\u00e4\u00e4rata kindlaks, kui palju aktsion\u00e4re \/ osanikke hakkab sellele firmal olema ning millised on nende vastavad aktsiapakid ja kellest saab firma juhatuse liige. Teatud tegevusalade puhul peab v\u00e4hemalt \u00fcks \u00e4ri\u00fchingu direktor (juhatuse liige) olema Eesti resident.\n<ul>\n<li>Kui \u00e4ri\u00fchingul on rohkem kui \u00fcks aktsion\u00e4r, soovitame tungivalt s\u00f5lmida aktsion\u00e4ride kokkulepe.<\/li>\n<\/ul>\n<\/li>\n<\/ol>\n<p>Kui Teie olete otsustanud \u00e4ri\u00fchingut \u00fcmber kujundada v\u00f5i selle tegevust l\u00f5petada, siis meie spetsialistid aitavad ja n\u00f5ustavad Teid ka j\u00e4rgmistes k\u00fcsimustes:<\/p>\n<ul>\n<li>Likvideerimine<\/li>\n<li>Pankrotimeneltus<\/li>\n<li>\u00c4ri\u00fchingu struktuuri \u00fcmberkujundamine (\u00fchinemine, liitumine, jagunemine)<\/li>\n<li>Filiaali asutamine v\u00f5i esinduse avamine<\/li>\n<\/ul>\n<p>[\/vc_column_text][\/vc_column][\/vc_row]<\/p>\n<\/div>","protected":false},"excerpt":{"rendered":"<p>[vc_row type=&#8221;vc_default&#8221;][vc_column offset=&#8221;vc_col-lg-12 vc_col-md-12 vc_col-xs-12&#8243;][vc_separator color=&#8221;custom&#8221; align=&#8221;align_left&#8221; accent_color=&#8221;#98afb3&#8243; css=&#8221;.vc_custom_1615387873386{padding-top: 15px !important;padding-bottom: 35px !important;}&#8221;][vc_column_text el_class=&#8221;textjustify&#8221;]Pakume teenuseid \u00e4ri\u00fchingute ja mittetulunduslike \u00fchenduste asutamisel, pakume juriidilist n\u00f5ustamist sobiva \u00e4ri\u00fchingu otsimisel ja tehingu vormistamisel. Eesti pakub e-residendi kaardi v\u00f5i ID-kaardi omanikule k\u00f5ige lihtsamat ja kiiremat viisi \u00e4ri\u00fchingu ostmiseks v\u00f5i asutamiseks kaugt\u00f5estamise teel. Kaasaegseid tehnoloogiaid kasutades tekib praegu \u00fcha rohkem v\u00f5imalusi&hellip;<\/p>\n","protected":false},"author":1,"featured_media":0,"parent":2203,"menu_order":10,"comment_status":"closed","ping_status":"closed","template":"","meta":{"footnotes":""},"class_list":["post-2206","page","type-page","status-publish","hentry","description-off"],"yoast_head":"<!-- This site is optimized with the Yoast SEO plugin v22.6 - https:\/\/yoast.com\/wordpress\/plugins\/seo\/ -->\n<title>\u00c4ri\u00fchingute teenused - LensLegal O\u00dc<\/title>\n<meta name=\"robots\" content=\"index, follow, max-snippet:-1, max-image-preview:large, max-video-preview:-1\" \/>\n<link rel=\"canonical\" href=\"https:\/\/lenslegal.ee\/et\/arioigus\/ariuhingute-teenused\/\" \/>\n<meta property=\"og:locale\" content=\"et_EE\" \/>\n<meta property=\"og:type\" content=\"article\" \/>\n<meta property=\"og:title\" content=\"\u00c4ri\u00fchingute teenused - LensLegal O\u00dc\" \/>\n<meta property=\"og:description\" content=\"[vc_row type=&#8221;vc_default&#8221;][vc_column offset=&#8221;vc_col-lg-12 vc_col-md-12 vc_col-xs-12&#8243;][vc_separator color=&#8221;custom&#8221; align=&#8221;align_left&#8221; accent_color=&#8221;#98afb3&#8243; css=&#8221;.vc_custom_1615387873386{padding-top: 15px !important;padding-bottom: 35px !important;}&#8221;][vc_column_text el_class=&#8221;textjustify&#8221;]Pakume teenuseid \u00e4ri\u00fchingute ja mittetulunduslike \u00fchenduste asutamisel, pakume juriidilist n\u00f5ustamist sobiva \u00e4ri\u00fchingu otsimisel ja tehingu vormistamisel. Eesti pakub e-residendi kaardi v\u00f5i ID-kaardi omanikule k\u00f5ige lihtsamat ja kiiremat viisi \u00e4ri\u00fchingu ostmiseks v\u00f5i asutamiseks kaugt\u00f5estamise teel. Kaasaegseid tehnoloogiaid kasutades tekib praegu \u00fcha rohkem v\u00f5imalusi&hellip;\" \/>\n<meta property=\"og:url\" content=\"https:\/\/lenslegal.ee\/et\/arioigus\/ariuhingute-teenused\/\" \/>\n<meta property=\"og:site_name\" content=\"LensLegal O\u00dc\" \/>\n<meta property=\"article:modified_time\" content=\"2021-12-07T08:47:32+00:00\" \/>\n<meta name=\"twitter:card\" content=\"summary_large_image\" \/>\n<meta name=\"twitter:label1\" content=\"Est. reading time\" \/>\n\t<meta name=\"twitter:data1\" content=\"2 minutit\" \/>\n<script type=\"application\/ld+json\" class=\"yoast-schema-graph\">{\"@context\":\"https:\/\/schema.org\",\"@graph\":[{\"@type\":\"WebPage\",\"@id\":\"https:\/\/lenslegal.ee\/et\/arioigus\/ariuhingute-teenused\/\",\"url\":\"https:\/\/lenslegal.ee\/et\/arioigus\/ariuhingute-teenused\/\",\"name\":\"\u00c4ri\u00fchingute teenused - LensLegal O\u00dc\",\"isPartOf\":{\"@id\":\"https:\/\/lenslegal.ee\/#website\"},\"datePublished\":\"2021-02-06T09:46:52+00:00\",\"dateModified\":\"2021-12-07T08:47:32+00:00\",\"breadcrumb\":{\"@id\":\"https:\/\/lenslegal.ee\/et\/arioigus\/ariuhingute-teenused\/#breadcrumb\"},\"inLanguage\":\"et\",\"potentialAction\":[{\"@type\":\"ReadAction\",\"target\":[\"https:\/\/lenslegal.ee\/et\/arioigus\/ariuhingute-teenused\/\"]}]},{\"@type\":\"BreadcrumbList\",\"@id\":\"https:\/\/lenslegal.ee\/et\/arioigus\/ariuhingute-teenused\/#breadcrumb\",\"itemListElement\":[{\"@type\":\"ListItem\",\"position\":1,\"name\":\"Home\",\"item\":\"https:\/\/lenslegal.ee\/et\/\"},{\"@type\":\"ListItem\",\"position\":2,\"name\":\"\u00c4ri\u00f5igus\",\"item\":\"https:\/\/lenslegal.ee\/et\/arioigus\/\"},{\"@type\":\"ListItem\",\"position\":3,\"name\":\"\u00c4ri\u00fchingute teenused\"}]},{\"@type\":\"WebSite\",\"@id\":\"https:\/\/lenslegal.ee\/#website\",\"url\":\"https:\/\/lenslegal.ee\/\",\"name\":\"LensLegal O\u00dc\",\"description\":\"\",\"publisher\":{\"@id\":\"https:\/\/lenslegal.ee\/#organization\"},\"potentialAction\":[{\"@type\":\"SearchAction\",\"target\":{\"@type\":\"EntryPoint\",\"urlTemplate\":\"https:\/\/lenslegal.ee\/?s={search_term_string}\"},\"query-input\":\"required name=search_term_string\"}],\"inLanguage\":\"et\"},{\"@type\":\"Organization\",\"@id\":\"https:\/\/lenslegal.ee\/#organization\",\"name\":\"LensLegal O\u00dc\",\"url\":\"https:\/\/lenslegal.ee\/\",\"logo\":{\"@type\":\"ImageObject\",\"inLanguage\":\"et\",\"@id\":\"https:\/\/lenslegal.ee\/#\/schema\/logo\/image\/\",\"url\":\"https:\/\/lenslegal.ee\/wp-content\/uploads\/2021\/01\/LensLegal-logo-hd.png\",\"contentUrl\":\"https:\/\/lenslegal.ee\/wp-content\/uploads\/2021\/01\/LensLegal-logo-hd.png\",\"width\":370,\"height\":51,\"caption\":\"LensLegal O\u00dc\"},\"image\":{\"@id\":\"https:\/\/lenslegal.ee\/#\/schema\/logo\/image\/\"}}]}<\/script>\n<!-- \/ Yoast SEO plugin. -->","yoast_head_json":{"title":"\u00c4ri\u00fchingute teenused - LensLegal O\u00dc","robots":{"index":"index","follow":"follow","max-snippet":"max-snippet:-1","max-image-preview":"max-image-preview:large","max-video-preview":"max-video-preview:-1"},"canonical":"https:\/\/lenslegal.ee\/et\/arioigus\/ariuhingute-teenused\/","og_locale":"et_EE","og_type":"article","og_title":"\u00c4ri\u00fchingute teenused - LensLegal O\u00dc","og_description":"[vc_row type=&#8221;vc_default&#8221;][vc_column offset=&#8221;vc_col-lg-12 vc_col-md-12 vc_col-xs-12&#8243;][vc_separator color=&#8221;custom&#8221; align=&#8221;align_left&#8221; accent_color=&#8221;#98afb3&#8243; css=&#8221;.vc_custom_1615387873386{padding-top: 15px !important;padding-bottom: 35px !important;}&#8221;][vc_column_text el_class=&#8221;textjustify&#8221;]Pakume teenuseid \u00e4ri\u00fchingute ja mittetulunduslike \u00fchenduste asutamisel, pakume juriidilist n\u00f5ustamist sobiva \u00e4ri\u00fchingu otsimisel ja tehingu vormistamisel. Eesti pakub e-residendi kaardi v\u00f5i ID-kaardi omanikule k\u00f5ige lihtsamat ja kiiremat viisi \u00e4ri\u00fchingu ostmiseks v\u00f5i asutamiseks kaugt\u00f5estamise teel. Kaasaegseid tehnoloogiaid kasutades tekib praegu \u00fcha rohkem v\u00f5imalusi&hellip;","og_url":"https:\/\/lenslegal.ee\/et\/arioigus\/ariuhingute-teenused\/","og_site_name":"LensLegal O\u00dc","article_modified_time":"2021-12-07T08:47:32+00:00","twitter_card":"summary_large_image","twitter_misc":{"Est. reading time":"2 minutit"},"schema":{"@context":"https:\/\/schema.org","@graph":[{"@type":"WebPage","@id":"https:\/\/lenslegal.ee\/et\/arioigus\/ariuhingute-teenused\/","url":"https:\/\/lenslegal.ee\/et\/arioigus\/ariuhingute-teenused\/","name":"\u00c4ri\u00fchingute teenused - LensLegal O\u00dc","isPartOf":{"@id":"https:\/\/lenslegal.ee\/#website"},"datePublished":"2021-02-06T09:46:52+00:00","dateModified":"2021-12-07T08:47:32+00:00","breadcrumb":{"@id":"https:\/\/lenslegal.ee\/et\/arioigus\/ariuhingute-teenused\/#breadcrumb"},"inLanguage":"et","potentialAction":[{"@type":"ReadAction","target":["https:\/\/lenslegal.ee\/et\/arioigus\/ariuhingute-teenused\/"]}]},{"@type":"BreadcrumbList","@id":"https:\/\/lenslegal.ee\/et\/arioigus\/ariuhingute-teenused\/#breadcrumb","itemListElement":[{"@type":"ListItem","position":1,"name":"Home","item":"https:\/\/lenslegal.ee\/et\/"},{"@type":"ListItem","position":2,"name":"\u00c4ri\u00f5igus","item":"https:\/\/lenslegal.ee\/et\/arioigus\/"},{"@type":"ListItem","position":3,"name":"\u00c4ri\u00fchingute teenused"}]},{"@type":"WebSite","@id":"https:\/\/lenslegal.ee\/#website","url":"https:\/\/lenslegal.ee\/","name":"LensLegal O\u00dc","description":"","publisher":{"@id":"https:\/\/lenslegal.ee\/#organization"},"potentialAction":[{"@type":"SearchAction","target":{"@type":"EntryPoint","urlTemplate":"https:\/\/lenslegal.ee\/?s={search_term_string}"},"query-input":"required name=search_term_string"}],"inLanguage":"et"},{"@type":"Organization","@id":"https:\/\/lenslegal.ee\/#organization","name":"LensLegal O\u00dc","url":"https:\/\/lenslegal.ee\/","logo":{"@type":"ImageObject","inLanguage":"et","@id":"https:\/\/lenslegal.ee\/#\/schema\/logo\/image\/","url":"https:\/\/lenslegal.ee\/wp-content\/uploads\/2021\/01\/LensLegal-logo-hd.png","contentUrl":"https:\/\/lenslegal.ee\/wp-content\/uploads\/2021\/01\/LensLegal-logo-hd.png","width":370,"height":51,"caption":"LensLegal O\u00dc"},"image":{"@id":"https:\/\/lenslegal.ee\/#\/schema\/logo\/image\/"}}]}},"_links":{"self":[{"href":"https:\/\/lenslegal.ee\/et\/wp-json\/wp\/v2\/pages\/2206","targetHints":{"allow":["GET"]}}],"collection":[{"href":"https:\/\/lenslegal.ee\/et\/wp-json\/wp\/v2\/pages"}],"about":[{"href":"https:\/\/lenslegal.ee\/et\/wp-json\/wp\/v2\/types\/page"}],"author":[{"embeddable":true,"href":"https:\/\/lenslegal.ee\/et\/wp-json\/wp\/v2\/users\/1"}],"replies":[{"embeddable":true,"href":"https:\/\/lenslegal.ee\/et\/wp-json\/wp\/v2\/comments?post=2206"}],"version-history":[{"count":2,"href":"https:\/\/lenslegal.ee\/et\/wp-json\/wp\/v2\/pages\/2206\/revisions"}],"predecessor-version":[{"id":2208,"href":"https:\/\/lenslegal.ee\/et\/wp-json\/wp\/v2\/pages\/2206\/revisions\/2208"}],"up":[{"embeddable":true,"href":"https:\/\/lenslegal.ee\/et\/wp-json\/wp\/v2\/pages\/2203"}],"wp:attachment":[{"href":"https:\/\/lenslegal.ee\/et\/wp-json\/wp\/v2\/media?parent=2206"}],"curies":[{"name":"wp","href":"https:\/\/api.w.org\/{rel}","templated":true}]}}