{"id":2210,"date":"2021-02-06T09:47:47","date_gmt":"2021-02-06T09:47:47","guid":{"rendered":"https:\/\/lenslegal.ee\/arioigus\/pravovoj-audit\/"},"modified":"2021-12-07T08:53:34","modified_gmt":"2021-12-07T08:53:34","slug":"oiguslik-audit-legal-due-diligence-ldd","status":"publish","type":"page","link":"https:\/\/lenslegal.ee\/et\/arioigus\/oiguslik-audit-legal-due-diligence-ldd\/","title":{"rendered":"\u00d5iguslik audit (Legal due diligence &#8211; LDD)"},"content":{"rendered":"<div class=\"wpb-content-wrapper\"><p>[vc_row type=&#8221;vc_default&#8221;][vc_column offset=&#8221;vc_col-lg-12 vc_col-md-12 vc_col-xs-12&#8243;]<div id=\"ultimate-heading-22306a08f8350948a\" class=\"uvc-heading ult-adjust-bottom-margin ultimate-heading-22306a08f8350948a uvc-574 \" data-hspacer=\"no_spacer\"  data-halign=\"left\" style=\"text-align:left\"><div class=\"uvc-heading-spacer no_spacer\" style=\"top\"><\/div><div class=\"uvc-main-heading ult-responsive\"  data-ultimate-target='.uvc-heading.ultimate-heading-22306a08f8350948a h2'  data-responsive-json-new='{\"font-size\":\"\",\"line-height\":\"\"}' ><h2 style=\"font-weight:normal;color:#4c7d95;\">\u00d5iguslik audit (Legal due diligence - LDD)<\/h2><\/div><\/div>[vc_separator color=&#8221;custom&#8221; align=&#8221;align_left&#8221; accent_color=&#8221;#98afb3&#8243; css=&#8221;.vc_custom_1615387873386{padding-top: 15px !important;padding-bottom: 35px !important;}&#8221;][vc_column_text el_class=&#8221;textjustify&#8221;]\u00d5iguslik audit korraldatakse tavaliselt \u00e4ri\u00fchingu osa v\u00f5i tema varade soetamisel. Nende soetamise puhul peab ostja olema kindel ettev\u00f5tte \u00f5iguslikus staatuses ning teadma mistahes juriidilisi riske ja tagaj\u00e4rgi. Seega v\u00f5ib juriidilist ekspertiisi kirjeldada kui protsessi, mille puhul korraldatakse p\u00f5hjalik anal\u00fc\u00fcs, et hinnata v\u00f5imalikke juriidilisi probleeme ja riske, millega ettev\u00f5te v\u00f5ib kokku puutuda. \u00c4ri\u00fchingu osa ostmisel p\u00f6\u00f6ratakse p\u00f5hit\u00e4helepanu k\u00f5igi asjaolude selgele m\u00f5istmisele: l\u00f5petamata v\u00f5i potentsiaalsed juriidilised riskid, kliendilepingud ja t\u00f6\u00f6suhted.<\/p>\n<p>Iga tehingu t\u00e4htsaks etapiks on dokumentide \u00f5igusalane kontroll ning informatsioon \u00e4ri\u00fchingu v\u00f5i varade kohta. LDD p\u00f5hiliseks eesm\u00e4rgiks on juriidiliste riskide v\u00e4ljaselgitamine, anal\u00fc\u00fcs ja soovitused nende v\u00e4hendamiseks. Olenevalt Teie tehingu struktuurist v\u00f5ib LDD eelneda v\u00f5i j\u00e4rgneda ostu-m\u00fc\u00fcgilepingu s\u00f5lmimisele, olgu siis tehing aktsiatega v\u00f5i ettev\u00f5tte varadega.<\/p>\n<p>Tehingu \u00f5iguslikku auditit v\u00f5idakse viia l\u00e4bi nii ostja kui ka m\u00fc\u00fcja suhtes. Osapooled peavad esitama vastavad dokumendid ja informatsiooni. Tavaliselt esitatakse LDD jaoks materjalid online formaadis, mis muudab protseduuri m\u00f5lemale osapoolele mugavamaks ja usaldusv\u00e4\u00e4rsemaks.<\/p>\n<p>P\u00e4rast LDD l\u00e4biviimist on osapooltel teatud ajaperiood dokumentide ja informatsiooni l\u00e4bivaatamiseks, anal\u00fc\u00fcsimiseks ja hindamiseks ning otsuse tegemiseks.[\/vc_column_text][\/vc_column][\/vc_row]<\/p>\n<\/div>","protected":false},"excerpt":{"rendered":"<p>[vc_row type=&#8221;vc_default&#8221;][vc_column offset=&#8221;vc_col-lg-12 vc_col-md-12 vc_col-xs-12&#8243;][vc_separator color=&#8221;custom&#8221; align=&#8221;align_left&#8221; accent_color=&#8221;#98afb3&#8243; css=&#8221;.vc_custom_1615387873386{padding-top: 15px !important;padding-bottom: 35px !important;}&#8221;][vc_column_text el_class=&#8221;textjustify&#8221;]\u00d5iguslik audit korraldatakse tavaliselt \u00e4ri\u00fchingu osa v\u00f5i tema varade soetamisel. Nende soetamise puhul peab ostja olema kindel ettev\u00f5tte \u00f5iguslikus staatuses ning teadma mistahes juriidilisi riske ja tagaj\u00e4rgi. Seega v\u00f5ib juriidilist ekspertiisi kirjeldada kui protsessi, mille puhul korraldatakse p\u00f5hjalik anal\u00fc\u00fcs, et hinnata v\u00f5imalikke&hellip;<\/p>\n","protected":false},"author":1,"featured_media":0,"parent":2203,"menu_order":10,"comment_status":"closed","ping_status":"closed","template":"","meta":{"footnotes":""},"class_list":["post-2210","page","type-page","status-publish","hentry","description-off"],"yoast_head":"<!-- This site is optimized with the Yoast SEO plugin v22.6 - https:\/\/yoast.com\/wordpress\/plugins\/seo\/ -->\n<title>\u00d5iguslik audit (Legal due diligence - LDD) - LensLegal O\u00dc<\/title>\n<meta name=\"robots\" content=\"index, follow, max-snippet:-1, max-image-preview:large, max-video-preview:-1\" \/>\n<link rel=\"canonical\" href=\"https:\/\/lenslegal.ee\/et\/arioigus\/oiguslik-audit-legal-due-diligence-ldd\/\" \/>\n<meta property=\"og:locale\" content=\"et_EE\" \/>\n<meta property=\"og:type\" content=\"article\" \/>\n<meta property=\"og:title\" content=\"\u00d5iguslik audit (Legal due diligence - LDD) - LensLegal O\u00dc\" \/>\n<meta property=\"og:description\" content=\"[vc_row type=&#8221;vc_default&#8221;][vc_column offset=&#8221;vc_col-lg-12 vc_col-md-12 vc_col-xs-12&#8243;][vc_separator color=&#8221;custom&#8221; align=&#8221;align_left&#8221; accent_color=&#8221;#98afb3&#8243; css=&#8221;.vc_custom_1615387873386{padding-top: 15px !important;padding-bottom: 35px !important;}&#8221;][vc_column_text el_class=&#8221;textjustify&#8221;]\u00d5iguslik audit korraldatakse tavaliselt \u00e4ri\u00fchingu osa v\u00f5i tema varade soetamisel. Nende soetamise puhul peab ostja olema kindel ettev\u00f5tte \u00f5iguslikus staatuses ning teadma mistahes juriidilisi riske ja tagaj\u00e4rgi. Seega v\u00f5ib juriidilist ekspertiisi kirjeldada kui protsessi, mille puhul korraldatakse p\u00f5hjalik anal\u00fc\u00fcs, et hinnata v\u00f5imalikke&hellip;\" \/>\n<meta property=\"og:url\" content=\"https:\/\/lenslegal.ee\/et\/arioigus\/oiguslik-audit-legal-due-diligence-ldd\/\" \/>\n<meta property=\"og:site_name\" content=\"LensLegal O\u00dc\" \/>\n<meta property=\"article:modified_time\" content=\"2021-12-07T08:53:34+00:00\" \/>\n<meta name=\"twitter:card\" content=\"summary_large_image\" \/>\n<meta name=\"twitter:label1\" content=\"Est. reading time\" \/>\n\t<meta name=\"twitter:data1\" content=\"1 minut\" \/>\n<script type=\"application\/ld+json\" class=\"yoast-schema-graph\">{\"@context\":\"https:\/\/schema.org\",\"@graph\":[{\"@type\":\"WebPage\",\"@id\":\"https:\/\/lenslegal.ee\/et\/arioigus\/oiguslik-audit-legal-due-diligence-ldd\/\",\"url\":\"https:\/\/lenslegal.ee\/et\/arioigus\/oiguslik-audit-legal-due-diligence-ldd\/\",\"name\":\"\u00d5iguslik audit (Legal due diligence - LDD) - LensLegal O\u00dc\",\"isPartOf\":{\"@id\":\"https:\/\/lenslegal.ee\/#website\"},\"datePublished\":\"2021-02-06T09:47:47+00:00\",\"dateModified\":\"2021-12-07T08:53:34+00:00\",\"breadcrumb\":{\"@id\":\"https:\/\/lenslegal.ee\/et\/arioigus\/oiguslik-audit-legal-due-diligence-ldd\/#breadcrumb\"},\"inLanguage\":\"et\",\"potentialAction\":[{\"@type\":\"ReadAction\",\"target\":[\"https:\/\/lenslegal.ee\/et\/arioigus\/oiguslik-audit-legal-due-diligence-ldd\/\"]}]},{\"@type\":\"BreadcrumbList\",\"@id\":\"https:\/\/lenslegal.ee\/et\/arioigus\/oiguslik-audit-legal-due-diligence-ldd\/#breadcrumb\",\"itemListElement\":[{\"@type\":\"ListItem\",\"position\":1,\"name\":\"Home\",\"item\":\"https:\/\/lenslegal.ee\/et\/\"},{\"@type\":\"ListItem\",\"position\":2,\"name\":\"\u00c4ri\u00f5igus\",\"item\":\"https:\/\/lenslegal.ee\/et\/arioigus\/\"},{\"@type\":\"ListItem\",\"position\":3,\"name\":\"\u00d5iguslik audit (Legal due diligence &#8211; LDD)\"}]},{\"@type\":\"WebSite\",\"@id\":\"https:\/\/lenslegal.ee\/#website\",\"url\":\"https:\/\/lenslegal.ee\/\",\"name\":\"LensLegal O\u00dc\",\"description\":\"\",\"publisher\":{\"@id\":\"https:\/\/lenslegal.ee\/#organization\"},\"potentialAction\":[{\"@type\":\"SearchAction\",\"target\":{\"@type\":\"EntryPoint\",\"urlTemplate\":\"https:\/\/lenslegal.ee\/?s={search_term_string}\"},\"query-input\":\"required name=search_term_string\"}],\"inLanguage\":\"et\"},{\"@type\":\"Organization\",\"@id\":\"https:\/\/lenslegal.ee\/#organization\",\"name\":\"LensLegal O\u00dc\",\"url\":\"https:\/\/lenslegal.ee\/\",\"logo\":{\"@type\":\"ImageObject\",\"inLanguage\":\"et\",\"@id\":\"https:\/\/lenslegal.ee\/#\/schema\/logo\/image\/\",\"url\":\"https:\/\/lenslegal.ee\/wp-content\/uploads\/2021\/01\/LensLegal-logo-hd.png\",\"contentUrl\":\"https:\/\/lenslegal.ee\/wp-content\/uploads\/2021\/01\/LensLegal-logo-hd.png\",\"width\":370,\"height\":51,\"caption\":\"LensLegal O\u00dc\"},\"image\":{\"@id\":\"https:\/\/lenslegal.ee\/#\/schema\/logo\/image\/\"}}]}<\/script>\n<!-- \/ Yoast SEO plugin. -->","yoast_head_json":{"title":"\u00d5iguslik audit (Legal due diligence - LDD) - LensLegal O\u00dc","robots":{"index":"index","follow":"follow","max-snippet":"max-snippet:-1","max-image-preview":"max-image-preview:large","max-video-preview":"max-video-preview:-1"},"canonical":"https:\/\/lenslegal.ee\/et\/arioigus\/oiguslik-audit-legal-due-diligence-ldd\/","og_locale":"et_EE","og_type":"article","og_title":"\u00d5iguslik audit (Legal due diligence - LDD) - LensLegal O\u00dc","og_description":"[vc_row type=&#8221;vc_default&#8221;][vc_column offset=&#8221;vc_col-lg-12 vc_col-md-12 vc_col-xs-12&#8243;][vc_separator color=&#8221;custom&#8221; align=&#8221;align_left&#8221; accent_color=&#8221;#98afb3&#8243; css=&#8221;.vc_custom_1615387873386{padding-top: 15px !important;padding-bottom: 35px !important;}&#8221;][vc_column_text el_class=&#8221;textjustify&#8221;]\u00d5iguslik audit korraldatakse tavaliselt \u00e4ri\u00fchingu osa v\u00f5i tema varade soetamisel. Nende soetamise puhul peab ostja olema kindel ettev\u00f5tte \u00f5iguslikus staatuses ning teadma mistahes juriidilisi riske ja tagaj\u00e4rgi. Seega v\u00f5ib juriidilist ekspertiisi kirjeldada kui protsessi, mille puhul korraldatakse p\u00f5hjalik anal\u00fc\u00fcs, et hinnata v\u00f5imalikke&hellip;","og_url":"https:\/\/lenslegal.ee\/et\/arioigus\/oiguslik-audit-legal-due-diligence-ldd\/","og_site_name":"LensLegal O\u00dc","article_modified_time":"2021-12-07T08:53:34+00:00","twitter_card":"summary_large_image","twitter_misc":{"Est. reading time":"1 minut"},"schema":{"@context":"https:\/\/schema.org","@graph":[{"@type":"WebPage","@id":"https:\/\/lenslegal.ee\/et\/arioigus\/oiguslik-audit-legal-due-diligence-ldd\/","url":"https:\/\/lenslegal.ee\/et\/arioigus\/oiguslik-audit-legal-due-diligence-ldd\/","name":"\u00d5iguslik audit (Legal due diligence - LDD) - LensLegal O\u00dc","isPartOf":{"@id":"https:\/\/lenslegal.ee\/#website"},"datePublished":"2021-02-06T09:47:47+00:00","dateModified":"2021-12-07T08:53:34+00:00","breadcrumb":{"@id":"https:\/\/lenslegal.ee\/et\/arioigus\/oiguslik-audit-legal-due-diligence-ldd\/#breadcrumb"},"inLanguage":"et","potentialAction":[{"@type":"ReadAction","target":["https:\/\/lenslegal.ee\/et\/arioigus\/oiguslik-audit-legal-due-diligence-ldd\/"]}]},{"@type":"BreadcrumbList","@id":"https:\/\/lenslegal.ee\/et\/arioigus\/oiguslik-audit-legal-due-diligence-ldd\/#breadcrumb","itemListElement":[{"@type":"ListItem","position":1,"name":"Home","item":"https:\/\/lenslegal.ee\/et\/"},{"@type":"ListItem","position":2,"name":"\u00c4ri\u00f5igus","item":"https:\/\/lenslegal.ee\/et\/arioigus\/"},{"@type":"ListItem","position":3,"name":"\u00d5iguslik audit (Legal due diligence &#8211; LDD)"}]},{"@type":"WebSite","@id":"https:\/\/lenslegal.ee\/#website","url":"https:\/\/lenslegal.ee\/","name":"LensLegal O\u00dc","description":"","publisher":{"@id":"https:\/\/lenslegal.ee\/#organization"},"potentialAction":[{"@type":"SearchAction","target":{"@type":"EntryPoint","urlTemplate":"https:\/\/lenslegal.ee\/?s={search_term_string}"},"query-input":"required name=search_term_string"}],"inLanguage":"et"},{"@type":"Organization","@id":"https:\/\/lenslegal.ee\/#organization","name":"LensLegal O\u00dc","url":"https:\/\/lenslegal.ee\/","logo":{"@type":"ImageObject","inLanguage":"et","@id":"https:\/\/lenslegal.ee\/#\/schema\/logo\/image\/","url":"https:\/\/lenslegal.ee\/wp-content\/uploads\/2021\/01\/LensLegal-logo-hd.png","contentUrl":"https:\/\/lenslegal.ee\/wp-content\/uploads\/2021\/01\/LensLegal-logo-hd.png","width":370,"height":51,"caption":"LensLegal O\u00dc"},"image":{"@id":"https:\/\/lenslegal.ee\/#\/schema\/logo\/image\/"}}]}},"_links":{"self":[{"href":"https:\/\/lenslegal.ee\/et\/wp-json\/wp\/v2\/pages\/2210","targetHints":{"allow":["GET"]}}],"collection":[{"href":"https:\/\/lenslegal.ee\/et\/wp-json\/wp\/v2\/pages"}],"about":[{"href":"https:\/\/lenslegal.ee\/et\/wp-json\/wp\/v2\/types\/page"}],"author":[{"embeddable":true,"href":"https:\/\/lenslegal.ee\/et\/wp-json\/wp\/v2\/users\/1"}],"replies":[{"embeddable":true,"href":"https:\/\/lenslegal.ee\/et\/wp-json\/wp\/v2\/comments?post=2210"}],"version-history":[{"count":1,"href":"https:\/\/lenslegal.ee\/et\/wp-json\/wp\/v2\/pages\/2210\/revisions"}],"predecessor-version":[{"id":2211,"href":"https:\/\/lenslegal.ee\/et\/wp-json\/wp\/v2\/pages\/2210\/revisions\/2211"}],"up":[{"embeddable":true,"href":"https:\/\/lenslegal.ee\/et\/wp-json\/wp\/v2\/pages\/2203"}],"wp:attachment":[{"href":"https:\/\/lenslegal.ee\/et\/wp-json\/wp\/v2\/media?parent=2210"}],"curies":[{"name":"wp","href":"https:\/\/api.w.org\/{rel}","templated":true}]}}