{"id":2217,"date":"2021-02-06T09:48:56","date_gmt":"2021-02-06T09:48:56","guid":{"rendered":"https:\/\/lenslegal.ee\/licenzii-razreshenija-na-dejatelnost\/"},"modified":"2021-12-07T08:59:10","modified_gmt":"2021-12-07T08:59:10","slug":"litsentsid-ja-tegevusload","status":"publish","type":"page","link":"https:\/\/lenslegal.ee\/et\/litsentsid-ja-tegevusload\/","title":{"rendered":"Litsentsid ja tegevusload"},"content":{"rendered":"<div class=\"wpb-content-wrapper\"><p>[vc_row type=&#8221;vc_default&#8221;][vc_column offset=&#8221;vc_col-lg-12 vc_col-md-12 vc_col-xs-12&#8243;]<div id=\"ultimate-heading-766869f45aff902e0\" class=\"uvc-heading ult-adjust-bottom-margin ultimate-heading-766869f45aff902e0 uvc-5098 \" data-hspacer=\"no_spacer\"  data-halign=\"left\" style=\"text-align:left\"><div class=\"uvc-heading-spacer no_spacer\" style=\"top\"><\/div><div class=\"uvc-main-heading ult-responsive\"  data-ultimate-target='.uvc-heading.ultimate-heading-766869f45aff902e0 h2'  data-responsive-json-new='{\"font-size\":\"\",\"line-height\":\"\"}' ><h2 style=\"font-weight:normal;color:#4c7d95;\">Litsentsid ja tegevusload<\/h2><\/div><\/div>[vc_separator color=&#8221;custom&#8221; align=&#8221;align_left&#8221; accent_color=&#8221;#98afb3&#8243; css=&#8221;.vc_custom_1615387873386{padding-top: 15px !important;padding-bottom: 35px !important;}&#8221;][vc_column_text el_class=&#8221;textjustify&#8221;]\u00c4ri ajamine ilma vajalike litsentside ja lubadeta on ebaseaduslik ning v\u00f5ib tuua kaasa trahvisanktsioonid v\u00f5i \u00e4ri sulgemise.<\/p>\n<p>Valige teenuste loetelust Teid huvitav litsentsi liik:<\/p>\n<ol>\n<li>Finantseerimisasutusena tegutsemine:\n<ul>\n<li>Virtuaalv\u00e4\u00e4ringu raha vastu vahetamise teenuse pakkumine<\/li>\n<li>Valuutavahetus<\/li>\n<li>Usaldushalduse ja \u00e4ri\u00fchingute teenus<\/li>\n<\/ul>\n<\/li>\n<li>Tegevusload, mida annab v\u00e4lja finantsinspektsioon:\n<ul>\n<li>V\u00e4ikesemahulise alternatiivfondi valitseja tegevusluba<\/li>\n<li>Fondivalitsejate ja investeerimis\u00fchingute tegevusluba<\/li>\n<\/ul>\n<\/li>\n<li>Ehitusettev\u00f5tja majandustegevusteade<\/li>\n<li>Reisiettev\u00f5tja majandustegevusteade<\/li>\n<li>T\u00f6\u00f6vahendaja majandustegevusteade<\/li>\n<li>Rendit\u00f6\u00f6j\u00f5u vahendaja majandustegevusteade<\/li>\n<\/ol>\n<p>M\u00f5ned ettev\u00f5tted, sealhulgas ettev\u00f5tted, mis pakuvad Virtuaalv\u00e4\u00e4ringu raha vastu vahetamise teenust, ettev\u00f5tted, mis alustavad oma tegevust investeeringute alal, professionaalsed v\u00e4\u00e4rtpaberiturul osalejad, kindlustusfirmad ja kindlustusvahendajad peavad taotlema litsentsi v\u00f5i tegevusluba. Selgitage v\u00e4lja, millised litsentsid ja tegevusload on Teie ettev\u00f5ttele vajalikud, kuidas esitada vastav taotlus ning kuidas hoida oma litsents kehtivana. Meie spetsialistid aitavad Teil kindlaks m\u00e4\u00e4rata, milliseid lube on vaja just Teie firmale.<\/p>\n<p>Kui Teie olete tegevusloa liigis selgusele j\u00f5udnud, v\u00f5ite esitada vastava taotluse online keskkonnas, seda tingimusel, et Teie olete Eesti Vabariigi e-resident. Avalduse esitamisel online-keskkonnas on mitu selget eelist: 1) Teie avaldust t\u00f6\u00f6deldakse kiiremini; ja 2) Te saate kontrollida oma taotluse staatust online-re\u017eiimil ning \u00f5igeaegselt reageerida regulaatori m\u00e4rkustele v\u00f5i k\u00fcsimustele.[\/vc_column_text][\/vc_column][\/vc_row]<\/p>\n<\/div>","protected":false},"excerpt":{"rendered":"<p>[vc_row type=&#8221;vc_default&#8221;][vc_column offset=&#8221;vc_col-lg-12 vc_col-md-12 vc_col-xs-12&#8243;][vc_separator color=&#8221;custom&#8221; align=&#8221;align_left&#8221; accent_color=&#8221;#98afb3&#8243; css=&#8221;.vc_custom_1615387873386{padding-top: 15px !important;padding-bottom: 35px !important;}&#8221;][vc_column_text el_class=&#8221;textjustify&#8221;]\u00c4ri ajamine ilma vajalike litsentside ja lubadeta on ebaseaduslik ning v\u00f5ib tuua kaasa trahvisanktsioonid v\u00f5i \u00e4ri sulgemise. Valige teenuste loetelust Teid huvitav litsentsi liik: Finantseerimisasutusena tegutsemine: Virtuaalv\u00e4\u00e4ringu raha vastu vahetamise teenuse pakkumine Valuutavahetus Usaldushalduse ja \u00e4ri\u00fchingute teenus Tegevusload, mida annab v\u00e4lja finantsinspektsioon:&hellip;<\/p>\n","protected":false},"author":1,"featured_media":0,"parent":0,"menu_order":10,"comment_status":"closed","ping_status":"closed","template":"","meta":{"footnotes":""},"class_list":["post-2217","page","type-page","status-publish","hentry","description-off"],"yoast_head":"<!-- This site is optimized with the Yoast SEO plugin v22.6 - https:\/\/yoast.com\/wordpress\/plugins\/seo\/ -->\n<title>Litsentsid ja tegevusload - LensLegal O\u00dc<\/title>\n<meta name=\"robots\" content=\"index, follow, max-snippet:-1, max-image-preview:large, max-video-preview:-1\" \/>\n<link rel=\"canonical\" href=\"https:\/\/lenslegal.ee\/et\/litsentsid-ja-tegevusload\/\" \/>\n<meta property=\"og:locale\" content=\"et_EE\" \/>\n<meta property=\"og:type\" content=\"article\" \/>\n<meta property=\"og:title\" content=\"Litsentsid ja tegevusload - LensLegal O\u00dc\" \/>\n<meta property=\"og:description\" content=\"[vc_row type=&#8221;vc_default&#8221;][vc_column offset=&#8221;vc_col-lg-12 vc_col-md-12 vc_col-xs-12&#8243;][vc_separator color=&#8221;custom&#8221; align=&#8221;align_left&#8221; accent_color=&#8221;#98afb3&#8243; css=&#8221;.vc_custom_1615387873386{padding-top: 15px !important;padding-bottom: 35px !important;}&#8221;][vc_column_text el_class=&#8221;textjustify&#8221;]\u00c4ri ajamine ilma vajalike litsentside ja lubadeta on ebaseaduslik ning v\u00f5ib tuua kaasa trahvisanktsioonid v\u00f5i \u00e4ri sulgemise. Valige teenuste loetelust Teid huvitav litsentsi liik: Finantseerimisasutusena tegutsemine: Virtuaalv\u00e4\u00e4ringu raha vastu vahetamise teenuse pakkumine Valuutavahetus Usaldushalduse ja \u00e4ri\u00fchingute teenus Tegevusload, mida annab v\u00e4lja finantsinspektsioon:&hellip;\" \/>\n<meta property=\"og:url\" content=\"https:\/\/lenslegal.ee\/et\/litsentsid-ja-tegevusload\/\" \/>\n<meta property=\"og:site_name\" content=\"LensLegal O\u00dc\" \/>\n<meta property=\"article:modified_time\" content=\"2021-12-07T08:59:10+00:00\" \/>\n<meta name=\"twitter:card\" content=\"summary_large_image\" \/>\n<meta name=\"twitter:label1\" content=\"Est. reading time\" \/>\n\t<meta name=\"twitter:data1\" content=\"1 minut\" \/>\n<script type=\"application\/ld+json\" class=\"yoast-schema-graph\">{\"@context\":\"https:\/\/schema.org\",\"@graph\":[{\"@type\":\"WebPage\",\"@id\":\"https:\/\/lenslegal.ee\/et\/litsentsid-ja-tegevusload\/\",\"url\":\"https:\/\/lenslegal.ee\/et\/litsentsid-ja-tegevusload\/\",\"name\":\"Litsentsid ja tegevusload - LensLegal O\u00dc\",\"isPartOf\":{\"@id\":\"https:\/\/lenslegal.ee\/#website\"},\"datePublished\":\"2021-02-06T09:48:56+00:00\",\"dateModified\":\"2021-12-07T08:59:10+00:00\",\"breadcrumb\":{\"@id\":\"https:\/\/lenslegal.ee\/et\/litsentsid-ja-tegevusload\/#breadcrumb\"},\"inLanguage\":\"et\",\"potentialAction\":[{\"@type\":\"ReadAction\",\"target\":[\"https:\/\/lenslegal.ee\/et\/litsentsid-ja-tegevusload\/\"]}]},{\"@type\":\"BreadcrumbList\",\"@id\":\"https:\/\/lenslegal.ee\/et\/litsentsid-ja-tegevusload\/#breadcrumb\",\"itemListElement\":[{\"@type\":\"ListItem\",\"position\":1,\"name\":\"Home\",\"item\":\"https:\/\/lenslegal.ee\/et\/\"},{\"@type\":\"ListItem\",\"position\":2,\"name\":\"Litsentsid ja tegevusload\"}]},{\"@type\":\"WebSite\",\"@id\":\"https:\/\/lenslegal.ee\/#website\",\"url\":\"https:\/\/lenslegal.ee\/\",\"name\":\"LensLegal O\u00dc\",\"description\":\"\",\"publisher\":{\"@id\":\"https:\/\/lenslegal.ee\/#organization\"},\"potentialAction\":[{\"@type\":\"SearchAction\",\"target\":{\"@type\":\"EntryPoint\",\"urlTemplate\":\"https:\/\/lenslegal.ee\/?s={search_term_string}\"},\"query-input\":\"required name=search_term_string\"}],\"inLanguage\":\"et\"},{\"@type\":\"Organization\",\"@id\":\"https:\/\/lenslegal.ee\/#organization\",\"name\":\"LensLegal O\u00dc\",\"url\":\"https:\/\/lenslegal.ee\/\",\"logo\":{\"@type\":\"ImageObject\",\"inLanguage\":\"et\",\"@id\":\"https:\/\/lenslegal.ee\/#\/schema\/logo\/image\/\",\"url\":\"https:\/\/lenslegal.ee\/wp-content\/uploads\/2021\/01\/LensLegal-logo-hd.png\",\"contentUrl\":\"https:\/\/lenslegal.ee\/wp-content\/uploads\/2021\/01\/LensLegal-logo-hd.png\",\"width\":370,\"height\":51,\"caption\":\"LensLegal O\u00dc\"},\"image\":{\"@id\":\"https:\/\/lenslegal.ee\/#\/schema\/logo\/image\/\"}}]}<\/script>\n<!-- \/ Yoast SEO plugin. -->","yoast_head_json":{"title":"Litsentsid ja tegevusload - LensLegal O\u00dc","robots":{"index":"index","follow":"follow","max-snippet":"max-snippet:-1","max-image-preview":"max-image-preview:large","max-video-preview":"max-video-preview:-1"},"canonical":"https:\/\/lenslegal.ee\/et\/litsentsid-ja-tegevusload\/","og_locale":"et_EE","og_type":"article","og_title":"Litsentsid ja tegevusload - LensLegal O\u00dc","og_description":"[vc_row type=&#8221;vc_default&#8221;][vc_column offset=&#8221;vc_col-lg-12 vc_col-md-12 vc_col-xs-12&#8243;][vc_separator color=&#8221;custom&#8221; align=&#8221;align_left&#8221; accent_color=&#8221;#98afb3&#8243; css=&#8221;.vc_custom_1615387873386{padding-top: 15px !important;padding-bottom: 35px !important;}&#8221;][vc_column_text el_class=&#8221;textjustify&#8221;]\u00c4ri ajamine ilma vajalike litsentside ja lubadeta on ebaseaduslik ning v\u00f5ib tuua kaasa trahvisanktsioonid v\u00f5i \u00e4ri sulgemise. Valige teenuste loetelust Teid huvitav litsentsi liik: Finantseerimisasutusena tegutsemine: Virtuaalv\u00e4\u00e4ringu raha vastu vahetamise teenuse pakkumine Valuutavahetus Usaldushalduse ja \u00e4ri\u00fchingute teenus Tegevusload, mida annab v\u00e4lja finantsinspektsioon:&hellip;","og_url":"https:\/\/lenslegal.ee\/et\/litsentsid-ja-tegevusload\/","og_site_name":"LensLegal O\u00dc","article_modified_time":"2021-12-07T08:59:10+00:00","twitter_card":"summary_large_image","twitter_misc":{"Est. reading time":"1 minut"},"schema":{"@context":"https:\/\/schema.org","@graph":[{"@type":"WebPage","@id":"https:\/\/lenslegal.ee\/et\/litsentsid-ja-tegevusload\/","url":"https:\/\/lenslegal.ee\/et\/litsentsid-ja-tegevusload\/","name":"Litsentsid ja tegevusload - LensLegal O\u00dc","isPartOf":{"@id":"https:\/\/lenslegal.ee\/#website"},"datePublished":"2021-02-06T09:48:56+00:00","dateModified":"2021-12-07T08:59:10+00:00","breadcrumb":{"@id":"https:\/\/lenslegal.ee\/et\/litsentsid-ja-tegevusload\/#breadcrumb"},"inLanguage":"et","potentialAction":[{"@type":"ReadAction","target":["https:\/\/lenslegal.ee\/et\/litsentsid-ja-tegevusload\/"]}]},{"@type":"BreadcrumbList","@id":"https:\/\/lenslegal.ee\/et\/litsentsid-ja-tegevusload\/#breadcrumb","itemListElement":[{"@type":"ListItem","position":1,"name":"Home","item":"https:\/\/lenslegal.ee\/et\/"},{"@type":"ListItem","position":2,"name":"Litsentsid ja tegevusload"}]},{"@type":"WebSite","@id":"https:\/\/lenslegal.ee\/#website","url":"https:\/\/lenslegal.ee\/","name":"LensLegal O\u00dc","description":"","publisher":{"@id":"https:\/\/lenslegal.ee\/#organization"},"potentialAction":[{"@type":"SearchAction","target":{"@type":"EntryPoint","urlTemplate":"https:\/\/lenslegal.ee\/?s={search_term_string}"},"query-input":"required name=search_term_string"}],"inLanguage":"et"},{"@type":"Organization","@id":"https:\/\/lenslegal.ee\/#organization","name":"LensLegal O\u00dc","url":"https:\/\/lenslegal.ee\/","logo":{"@type":"ImageObject","inLanguage":"et","@id":"https:\/\/lenslegal.ee\/#\/schema\/logo\/image\/","url":"https:\/\/lenslegal.ee\/wp-content\/uploads\/2021\/01\/LensLegal-logo-hd.png","contentUrl":"https:\/\/lenslegal.ee\/wp-content\/uploads\/2021\/01\/LensLegal-logo-hd.png","width":370,"height":51,"caption":"LensLegal O\u00dc"},"image":{"@id":"https:\/\/lenslegal.ee\/#\/schema\/logo\/image\/"}}]}},"_links":{"self":[{"href":"https:\/\/lenslegal.ee\/et\/wp-json\/wp\/v2\/pages\/2217","targetHints":{"allow":["GET"]}}],"collection":[{"href":"https:\/\/lenslegal.ee\/et\/wp-json\/wp\/v2\/pages"}],"about":[{"href":"https:\/\/lenslegal.ee\/et\/wp-json\/wp\/v2\/types\/page"}],"author":[{"embeddable":true,"href":"https:\/\/lenslegal.ee\/et\/wp-json\/wp\/v2\/users\/1"}],"replies":[{"embeddable":true,"href":"https:\/\/lenslegal.ee\/et\/wp-json\/wp\/v2\/comments?post=2217"}],"version-history":[{"count":2,"href":"https:\/\/lenslegal.ee\/et\/wp-json\/wp\/v2\/pages\/2217\/revisions"}],"predecessor-version":[{"id":2219,"href":"https:\/\/lenslegal.ee\/et\/wp-json\/wp\/v2\/pages\/2217\/revisions\/2219"}],"wp:attachment":[{"href":"https:\/\/lenslegal.ee\/et\/wp-json\/wp\/v2\/media?parent=2217"}],"curies":[{"name":"wp","href":"https:\/\/api.w.org\/{rel}","templated":true}]}}