{"id":2221,"date":"2021-02-06T09:49:25","date_gmt":"2021-02-06T09:49:25","guid":{"rendered":"https:\/\/lenslegal.ee\/dogovornoe-pravo\/"},"modified":"2021-12-07T09:01:22","modified_gmt":"2021-12-07T09:01:22","slug":"lepinguoigus","status":"publish","type":"page","link":"https:\/\/lenslegal.ee\/et\/lepinguoigus\/","title":{"rendered":"Lepingu\u00f5igus"},"content":{"rendered":"<div class=\"wpb-content-wrapper\"><p>[vc_row type=&#8221;vc_default&#8221;][vc_column offset=&#8221;vc_col-lg-12 vc_col-md-12 vc_col-xs-12&#8243;]<div id=\"ultimate-heading-85456a0902791c8d8\" class=\"uvc-heading ult-adjust-bottom-margin ultimate-heading-85456a0902791c8d8 uvc-8458 \" data-hspacer=\"no_spacer\"  data-halign=\"left\" style=\"text-align:left\"><div class=\"uvc-heading-spacer no_spacer\" style=\"top\"><\/div><div class=\"uvc-main-heading ult-responsive\"  data-ultimate-target='.uvc-heading.ultimate-heading-85456a0902791c8d8 h2'  data-responsive-json-new='{\"font-size\":\"\",\"line-height\":\"\"}' ><h2 style=\"font-weight:normal;color:#4c7d95;\">Lepingu\u00f5igus<\/h2><\/div><\/div>[vc_separator color=&#8221;custom&#8221; align=&#8221;align_left&#8221; accent_color=&#8221;#98afb3&#8243; css=&#8221;.vc_custom_1615387873386{padding-top: 15px !important;padding-bottom: 35px !important;}&#8221;][vc_column_text el_class=&#8221;textjustify&#8221;]Lepingud klientide, tarnijate, edasim\u00fc\u00fcjate, kaubavahendajate ja muude partneritega on igap\u00e4evase \u00e4ritegevuse osa. Iga ettev\u00f5te vajab rentaablit ja m\u00f5istlikku n\u00f5uannet erinevate lepingute ja kokkulepete s\u00f5lmimisel, olenemata sellest, kas leping s\u00f5lmitakse standardsetel tingimustel v\u00f5i tellimuse peale ning kas see on keeruliste l\u00e4bir\u00e4\u00e4kimiste objektiks.<\/p>\n<p>\u00c4rikokkulepped, millede kohta me regulaarselt konsulteerime, on:<\/p>\n<ul>\n<li>Ostu-m\u00fc\u00fcgilepingud<\/li>\n<li>Tarnelepingud<\/li>\n<li>M\u00fc\u00fcgikokkulepped<\/li>\n<li>Agendilepingud<\/li>\n<li>Koost\u00f6\u00f6lepingud<\/li>\n<li>Litsentsid ja all-litsentsid tarkvarale ning muud intellektuaalse omandi \u00f5igused<\/li>\n<li>Mitteavalikustamise ja konfidentsiaalsuskokkulepped<\/li>\n<\/ul>\n<p>[\/vc_column_text][\/vc_column][\/vc_row]<\/p>\n<\/div>","protected":false},"excerpt":{"rendered":"<p>[vc_row type=&#8221;vc_default&#8221;][vc_column offset=&#8221;vc_col-lg-12 vc_col-md-12 vc_col-xs-12&#8243;][vc_separator color=&#8221;custom&#8221; align=&#8221;align_left&#8221; accent_color=&#8221;#98afb3&#8243; css=&#8221;.vc_custom_1615387873386{padding-top: 15px !important;padding-bottom: 35px !important;}&#8221;][vc_column_text el_class=&#8221;textjustify&#8221;]Lepingud klientide, tarnijate, edasim\u00fc\u00fcjate, kaubavahendajate ja muude partneritega on igap\u00e4evase \u00e4ritegevuse osa. Iga ettev\u00f5te vajab rentaablit ja m\u00f5istlikku n\u00f5uannet erinevate lepingute ja kokkulepete s\u00f5lmimisel, olenemata sellest, kas leping s\u00f5lmitakse standardsetel tingimustel v\u00f5i tellimuse peale ning kas see on keeruliste l\u00e4bir\u00e4\u00e4kimiste objektiks. \u00c4rikokkulepped,&hellip;<\/p>\n","protected":false},"author":1,"featured_media":0,"parent":0,"menu_order":10,"comment_status":"closed","ping_status":"closed","template":"","meta":{"footnotes":""},"class_list":["post-2221","page","type-page","status-publish","hentry","description-off"],"yoast_head":"<!-- This site is optimized with the Yoast SEO plugin v22.6 - https:\/\/yoast.com\/wordpress\/plugins\/seo\/ -->\n<title>Lepingu\u00f5igus - LensLegal O\u00dc<\/title>\n<meta name=\"robots\" content=\"index, follow, max-snippet:-1, max-image-preview:large, max-video-preview:-1\" \/>\n<link rel=\"canonical\" href=\"https:\/\/lenslegal.ee\/et\/lepinguoigus\/\" \/>\n<meta property=\"og:locale\" content=\"et_EE\" \/>\n<meta property=\"og:type\" content=\"article\" \/>\n<meta property=\"og:title\" content=\"Lepingu\u00f5igus - LensLegal O\u00dc\" \/>\n<meta property=\"og:description\" content=\"[vc_row type=&#8221;vc_default&#8221;][vc_column offset=&#8221;vc_col-lg-12 vc_col-md-12 vc_col-xs-12&#8243;][vc_separator color=&#8221;custom&#8221; align=&#8221;align_left&#8221; accent_color=&#8221;#98afb3&#8243; css=&#8221;.vc_custom_1615387873386{padding-top: 15px !important;padding-bottom: 35px !important;}&#8221;][vc_column_text el_class=&#8221;textjustify&#8221;]Lepingud klientide, tarnijate, edasim\u00fc\u00fcjate, kaubavahendajate ja muude partneritega on igap\u00e4evase \u00e4ritegevuse osa. Iga ettev\u00f5te vajab rentaablit ja m\u00f5istlikku n\u00f5uannet erinevate lepingute ja kokkulepete s\u00f5lmimisel, olenemata sellest, kas leping s\u00f5lmitakse standardsetel tingimustel v\u00f5i tellimuse peale ning kas see on keeruliste l\u00e4bir\u00e4\u00e4kimiste objektiks. \u00c4rikokkulepped,&hellip;\" \/>\n<meta property=\"og:url\" content=\"https:\/\/lenslegal.ee\/et\/lepinguoigus\/\" \/>\n<meta property=\"og:site_name\" content=\"LensLegal O\u00dc\" \/>\n<meta property=\"article:modified_time\" content=\"2021-12-07T09:01:22+00:00\" \/>\n<meta name=\"twitter:card\" content=\"summary_large_image\" \/>\n<meta name=\"twitter:label1\" content=\"Est. reading time\" \/>\n\t<meta name=\"twitter:data1\" content=\"1 minut\" \/>\n<script type=\"application\/ld+json\" class=\"yoast-schema-graph\">{\"@context\":\"https:\/\/schema.org\",\"@graph\":[{\"@type\":\"WebPage\",\"@id\":\"https:\/\/lenslegal.ee\/et\/lepinguoigus\/\",\"url\":\"https:\/\/lenslegal.ee\/et\/lepinguoigus\/\",\"name\":\"Lepingu\u00f5igus - LensLegal O\u00dc\",\"isPartOf\":{\"@id\":\"https:\/\/lenslegal.ee\/#website\"},\"datePublished\":\"2021-02-06T09:49:25+00:00\",\"dateModified\":\"2021-12-07T09:01:22+00:00\",\"breadcrumb\":{\"@id\":\"https:\/\/lenslegal.ee\/et\/lepinguoigus\/#breadcrumb\"},\"inLanguage\":\"et\",\"potentialAction\":[{\"@type\":\"ReadAction\",\"target\":[\"https:\/\/lenslegal.ee\/et\/lepinguoigus\/\"]}]},{\"@type\":\"BreadcrumbList\",\"@id\":\"https:\/\/lenslegal.ee\/et\/lepinguoigus\/#breadcrumb\",\"itemListElement\":[{\"@type\":\"ListItem\",\"position\":1,\"name\":\"Home\",\"item\":\"https:\/\/lenslegal.ee\/et\/\"},{\"@type\":\"ListItem\",\"position\":2,\"name\":\"Lepingu\u00f5igus\"}]},{\"@type\":\"WebSite\",\"@id\":\"https:\/\/lenslegal.ee\/#website\",\"url\":\"https:\/\/lenslegal.ee\/\",\"name\":\"LensLegal O\u00dc\",\"description\":\"\",\"publisher\":{\"@id\":\"https:\/\/lenslegal.ee\/#organization\"},\"potentialAction\":[{\"@type\":\"SearchAction\",\"target\":{\"@type\":\"EntryPoint\",\"urlTemplate\":\"https:\/\/lenslegal.ee\/?s={search_term_string}\"},\"query-input\":\"required name=search_term_string\"}],\"inLanguage\":\"et\"},{\"@type\":\"Organization\",\"@id\":\"https:\/\/lenslegal.ee\/#organization\",\"name\":\"LensLegal O\u00dc\",\"url\":\"https:\/\/lenslegal.ee\/\",\"logo\":{\"@type\":\"ImageObject\",\"inLanguage\":\"et\",\"@id\":\"https:\/\/lenslegal.ee\/#\/schema\/logo\/image\/\",\"url\":\"https:\/\/lenslegal.ee\/wp-content\/uploads\/2021\/01\/LensLegal-logo-hd.png\",\"contentUrl\":\"https:\/\/lenslegal.ee\/wp-content\/uploads\/2021\/01\/LensLegal-logo-hd.png\",\"width\":370,\"height\":51,\"caption\":\"LensLegal O\u00dc\"},\"image\":{\"@id\":\"https:\/\/lenslegal.ee\/#\/schema\/logo\/image\/\"}}]}<\/script>\n<!-- \/ Yoast SEO plugin. -->","yoast_head_json":{"title":"Lepingu\u00f5igus - LensLegal O\u00dc","robots":{"index":"index","follow":"follow","max-snippet":"max-snippet:-1","max-image-preview":"max-image-preview:large","max-video-preview":"max-video-preview:-1"},"canonical":"https:\/\/lenslegal.ee\/et\/lepinguoigus\/","og_locale":"et_EE","og_type":"article","og_title":"Lepingu\u00f5igus - LensLegal O\u00dc","og_description":"[vc_row type=&#8221;vc_default&#8221;][vc_column offset=&#8221;vc_col-lg-12 vc_col-md-12 vc_col-xs-12&#8243;][vc_separator color=&#8221;custom&#8221; align=&#8221;align_left&#8221; accent_color=&#8221;#98afb3&#8243; css=&#8221;.vc_custom_1615387873386{padding-top: 15px !important;padding-bottom: 35px !important;}&#8221;][vc_column_text el_class=&#8221;textjustify&#8221;]Lepingud klientide, tarnijate, edasim\u00fc\u00fcjate, kaubavahendajate ja muude partneritega on igap\u00e4evase \u00e4ritegevuse osa. Iga ettev\u00f5te vajab rentaablit ja m\u00f5istlikku n\u00f5uannet erinevate lepingute ja kokkulepete s\u00f5lmimisel, olenemata sellest, kas leping s\u00f5lmitakse standardsetel tingimustel v\u00f5i tellimuse peale ning kas see on keeruliste l\u00e4bir\u00e4\u00e4kimiste objektiks. \u00c4rikokkulepped,&hellip;","og_url":"https:\/\/lenslegal.ee\/et\/lepinguoigus\/","og_site_name":"LensLegal O\u00dc","article_modified_time":"2021-12-07T09:01:22+00:00","twitter_card":"summary_large_image","twitter_misc":{"Est. reading time":"1 minut"},"schema":{"@context":"https:\/\/schema.org","@graph":[{"@type":"WebPage","@id":"https:\/\/lenslegal.ee\/et\/lepinguoigus\/","url":"https:\/\/lenslegal.ee\/et\/lepinguoigus\/","name":"Lepingu\u00f5igus - LensLegal O\u00dc","isPartOf":{"@id":"https:\/\/lenslegal.ee\/#website"},"datePublished":"2021-02-06T09:49:25+00:00","dateModified":"2021-12-07T09:01:22+00:00","breadcrumb":{"@id":"https:\/\/lenslegal.ee\/et\/lepinguoigus\/#breadcrumb"},"inLanguage":"et","potentialAction":[{"@type":"ReadAction","target":["https:\/\/lenslegal.ee\/et\/lepinguoigus\/"]}]},{"@type":"BreadcrumbList","@id":"https:\/\/lenslegal.ee\/et\/lepinguoigus\/#breadcrumb","itemListElement":[{"@type":"ListItem","position":1,"name":"Home","item":"https:\/\/lenslegal.ee\/et\/"},{"@type":"ListItem","position":2,"name":"Lepingu\u00f5igus"}]},{"@type":"WebSite","@id":"https:\/\/lenslegal.ee\/#website","url":"https:\/\/lenslegal.ee\/","name":"LensLegal O\u00dc","description":"","publisher":{"@id":"https:\/\/lenslegal.ee\/#organization"},"potentialAction":[{"@type":"SearchAction","target":{"@type":"EntryPoint","urlTemplate":"https:\/\/lenslegal.ee\/?s={search_term_string}"},"query-input":"required name=search_term_string"}],"inLanguage":"et"},{"@type":"Organization","@id":"https:\/\/lenslegal.ee\/#organization","name":"LensLegal O\u00dc","url":"https:\/\/lenslegal.ee\/","logo":{"@type":"ImageObject","inLanguage":"et","@id":"https:\/\/lenslegal.ee\/#\/schema\/logo\/image\/","url":"https:\/\/lenslegal.ee\/wp-content\/uploads\/2021\/01\/LensLegal-logo-hd.png","contentUrl":"https:\/\/lenslegal.ee\/wp-content\/uploads\/2021\/01\/LensLegal-logo-hd.png","width":370,"height":51,"caption":"LensLegal O\u00dc"},"image":{"@id":"https:\/\/lenslegal.ee\/#\/schema\/logo\/image\/"}}]}},"_links":{"self":[{"href":"https:\/\/lenslegal.ee\/et\/wp-json\/wp\/v2\/pages\/2221","targetHints":{"allow":["GET"]}}],"collection":[{"href":"https:\/\/lenslegal.ee\/et\/wp-json\/wp\/v2\/pages"}],"about":[{"href":"https:\/\/lenslegal.ee\/et\/wp-json\/wp\/v2\/types\/page"}],"author":[{"embeddable":true,"href":"https:\/\/lenslegal.ee\/et\/wp-json\/wp\/v2\/users\/1"}],"replies":[{"embeddable":true,"href":"https:\/\/lenslegal.ee\/et\/wp-json\/wp\/v2\/comments?post=2221"}],"version-history":[{"count":2,"href":"https:\/\/lenslegal.ee\/et\/wp-json\/wp\/v2\/pages\/2221\/revisions"}],"predecessor-version":[{"id":2223,"href":"https:\/\/lenslegal.ee\/et\/wp-json\/wp\/v2\/pages\/2221\/revisions\/2223"}],"wp:attachment":[{"href":"https:\/\/lenslegal.ee\/et\/wp-json\/wp\/v2\/media?parent=2221"}],"curies":[{"name":"wp","href":"https:\/\/api.w.org\/{rel}","templated":true}]}}