{"id":2236,"date":"2021-02-06T09:52:59","date_gmt":"2021-02-06T09:52:59","guid":{"rendered":"https:\/\/lenslegal.ee\/kontakt\/"},"modified":"2021-12-08T13:25:11","modified_gmt":"2021-12-08T13:25:11","slug":"kontaktid","status":"publish","type":"page","link":"https:\/\/lenslegal.ee\/et\/kontaktid\/","title":{"rendered":"Kontaktid"},"content":{"rendered":"<div class=\"wpb-content-wrapper\"><p>[vc_row equal_height=&#8221;yes&#8221; content_placement=&#8221;top&#8221; type=&#8221;vc_default&#8221; css=&#8221;.vc_custom_1623069972652{padding-top: 30px !important;padding-bottom: 20px !important;}&#8221; el_id=&#8221;contact&#8221;][vc_column offset=&#8221;vc_col-lg-6 vc_col-md-6&#8243; css=&#8221;.vc_custom_1517255858997{padding-bottom: 50px !important;}&#8221;]<div class=\"aio-icon-component  vc_custom_1612608604405   style_1\"><div id=\"Info-box-wrap-5143\" class=\"aio-icon-box default-icon\" style=\"\"  ><div class=\"aio-icon-header\" ><h4 class=\"aio-icon-title ult-responsive\"  data-ultimate-target='#Info-box-wrap-5143 .aio-icon-title'  data-responsive-json-new='{\"font-size\":\"\",\"line-height\":\"\"}'  style=\"\">LensLegal O\u00dc<\/h4><\/div> <!-- header --><\/div> <!-- aio-icon-box --><\/div> <!-- aio-icon-component --><div class=\"aio-icon-component  vc_custom_1612608638333   style_1\"><div id=\"Info-box-wrap-5829\" class=\"aio-icon-box default-icon\" style=\"\"  ><div class=\"aio-icon-header\" ><h4 class=\"aio-icon-title ult-responsive\"  data-ultimate-target='#Info-box-wrap-5829 .aio-icon-title'  data-responsive-json-new='{\"font-size\":\"\",\"line-height\":\"\"}'  style=\"\">Reg. kood 16132761<\/h4><\/div> <!-- header --><\/div> <!-- aio-icon-box --><\/div> <!-- aio-icon-component --><div class=\"aio-icon-component  vc_custom_1614268381880   style_1\"><div id=\"Info-box-wrap-3252\" class=\"aio-icon-box default-icon\" style=\"\"  ><div class=\"aio-icon-default\"><div class=\"ult-just-icon-wrapper  \"><div class=\"align-icon\" style=\"text-align:center;\">\n<div class=\"aio-icon none \"  style=\"color:#758c8b;font-size:25px;display:inline-block;\">\n\t<i class=\"icomoon-the7-font-the7-phone-05\"><\/i>\n<\/div><\/div><\/div><\/div><div class=\"aio-icon-header\" ><h4 class=\"aio-icon-title ult-responsive\"  data-ultimate-target='#Info-box-wrap-3252 .aio-icon-title'  data-responsive-json-new='{\"font-size\":\"\",\"line-height\":\"\"}'  style=\"\">+372 56 607 536<\/h4><\/div> <!-- header --><\/div> <!-- aio-icon-box --><\/div> <!-- aio-icon-component --><div class=\"aio-icon-component  vc_custom_1614268392719   style_1\"><a class=\"aio-icon-box-link\" href=\"mailto:info@lenslegal.ee\" ><div id=\"Info-box-wrap-1434\" class=\"aio-icon-box default-icon\" style=\"\"  ><div class=\"aio-icon-default\"><div class=\"ult-just-icon-wrapper  \"><div class=\"align-icon\" style=\"text-align:center;\">\n<div class=\"aio-icon none \"  style=\"color:#758c8b;font-size:25px;display:inline-block;\">\n\t<i class=\"icomoon-the7-font-the7-mail-01\"><\/i>\n<\/div><\/div><\/div><\/div><div class=\"aio-icon-header\" ><h4 class=\"aio-icon-title ult-responsive\"  data-ultimate-target='#Info-box-wrap-1434 .aio-icon-title'  data-responsive-json-new='{\"font-size\":\"\",\"line-height\":\"\"}'  style=\"\">info@lenslegal.ee<\/h4><\/div> <!-- header --><\/div> <!-- aio-icon-box --><\/a><\/div> <!-- aio-icon-component --><div id=\"ultimate-heading-711769f459f54f78d\" class=\"uvc-heading ult-adjust-bottom-margin ultimate-heading-711769f459f54f78d uvc-2749 accent-subtitle-color\" data-hspacer=\"no_spacer\"  data-halign=\"left\" style=\"text-align:left\"><div class=\"uvc-heading-spacer no_spacer\" style=\"top\"><\/div><div class=\"uvc-main-heading ult-responsive\"  data-ultimate-target='.uvc-heading.ultimate-heading-711769f459f54f78d h2'  data-responsive-json-new='{\"font-size\":\"desktop:24px;\",\"line-height\":\"desktop:34px;\"}' ><h2 style=\"font-weight:bold;margin-top:25px;margin-bottom:15px;\">V\u00f5tke meiega \u00fchendust<\/h2><\/div><\/div><form class=\"dt-contact-form dt-form privacy-form\" method=\"post\"><input type=\"hidden\" name=\"widget_id\" value=\"presscore-contact-form-widget--1\" \/><input type=\"hidden\" name=\"send_message\" value=\"\" \/><input type=\"hidden\" name=\"security_token\" value=\"5cd76cc770be905a5cbb\"\/><div class=\"form-fields\"><span class=\"form-name\"><label class=\"assistive-text\">Nimi *<\/label><input type=\"text\" class=\"validate[required]\" placeholder=\"Nimi *\" name=\"name\" value=\"\" aria-required=\"true\">\n<\/span><span class=\"form-mail\"><label class=\"assistive-text\">E-post *<\/label><input type=\"text\" class=\"validate[required,custom[email]]\" placeholder=\"E-post *\" name=\"email\" value=\"\" aria-required=\"true\">\n<\/span><span class=\"form-telephone\"><label class=\"assistive-text\">Telefon *<\/label><input type=\"text\" class=\"validate[required,custom[phone]]\" placeholder=\"Telefon *\" name=\"telephone\" value=\"\" aria-required=\"true\">\n<\/span><\/div><span class=\"form-message\"><label class=\"assistive-text\">Teade *<\/label><textarea class=\"validate[required]\" placeholder=\"Teade *\" name=\"message\" rows=\"3\" aria-required=\"true\"><\/textarea>\n<\/span><p class=\"the7-form-terms-wrap\"><input type=\"checkbox\" id=\"the7-form-terms-2290a7385ed77cc5592dc2153229f082\" name=\"terms\" class=\"validate[required] the7-form-terms\" aria-required=\"true\" \/>&nbsp;<label for=\"the7-form-terms-2290a7385ed77cc5592dc2153229f082\"><span class=\"form-terms-text\">Antud vormi t\u00e4itmisel Teie kinnitate, et olete tutvunud LensLegal O\u00dc <a href=\"\/et\/kliendi-andmete-tootlemise-reeglid\/\">andmete t\u00f6\u00f6tlemise reeglitega<\/a> ning annate oma n\u00f5usoleku Teie isikuandmete t\u00f6\u00f6tlemiseks.<\/span><\/label><\/p><p><a href=\"#\" class=\"dt-btn dt-btn-m dt-btn-submit\" rel=\"nofollow\"><span>Saada<\/span><\/a><input class=\"assistive-text\" type=\"submit\" value=\"Saada\"><\/p><\/form>\n[\/vc_column][vc_column css=&#8221;.vc_custom_1517255855426{padding-bottom: 50px !important;}&#8221; offset=&#8221;vc_col-lg-6 vc_col-md-6&#8243;]<style type=\"text\/css\" data-type=\"the7_shortcodes-inline-css\">.dt-shortcode-soc-icons.soc-icons-241150c13fdc256327281ebc8ead4e06 a {\n  margin-right: 25px;\n}\n.dt-shortcode-soc-icons a.soc-icons-241150c13fdc256327281ebc8ead4e06 {\n  margin-right: 25px;\n}\n.dt-shortcode-soc-icons a.soc-icons-241150c13fdc256327281ebc8ead4e06:last-child {\n  margin-right: 0;\n}\n.dt-shortcode-soc-icons a.soc-icons-241150c13fdc256327281ebc8ead4e06:before,\n.dt-shortcode-soc-icons a.soc-icons-241150c13fdc256327281ebc8ead4e06:after {\n  padding: inherit;\n}\n.dt-shortcode-soc-icons a.soc-icons-241150c13fdc256327281ebc8ead4e06.dt-icon-border-on:before {\n  border:  solid ;\n}\n.dt-shortcode-soc-icons a.soc-icons-241150c13fdc256327281ebc8ead4e06.dt-icon-hover-border-on:after {\n  border:  solid ;\n}\n<\/style><div class=\"dt-shortcode-soc-icons  soc-icons-241150c13fdc256327281ebc8ead4e06 soc-icons-center  vc_custom_1629975391752\" ><style type=\"text\/css\" data-type=\"the7_shortcodes-inline-css\">.dt-shortcode-soc-icons a.single-soc-icon-aecfea3da6e4110364096d9c85bf5fda {\n  min-width: 0px;\n  min-height: 0px;\n  font-size: 30px;\n  border-radius: 0px;\n}\n.dt-shortcode-soc-icons a.single-soc-icon-aecfea3da6e4110364096d9c85bf5fda:last-child {\n  margin-right: 0;\n}\n.dt-shortcode-soc-icons a.single-soc-icon-aecfea3da6e4110364096d9c85bf5fda:before,\n.dt-shortcode-soc-icons a.single-soc-icon-aecfea3da6e4110364096d9c85bf5fda:after {\n  min-width: 0px;\n  min-height: 0px;\n  padding: inherit;\n}\n.dt-shortcode-soc-icons a.single-soc-icon-aecfea3da6e4110364096d9c85bf5fda.dt-icon-border-on:before {\n  border: 0px solid ;\n}\n.dt-shortcode-soc-icons a.single-soc-icon-aecfea3da6e4110364096d9c85bf5fda.dt-icon-hover-border-on:after {\n  border: 0px solid ;\n}\n.dt-shortcode-soc-icons a.single-soc-icon-aecfea3da6e4110364096d9c85bf5fda:hover {\n  font-size: 30px;\n}\n#page .dt-shortcode-soc-icons a.single-soc-icon-aecfea3da6e4110364096d9c85bf5fda:not(:hover) .soc-font-icon,\n#phantom .dt-shortcode-soc-icons a.single-soc-icon-aecfea3da6e4110364096d9c85bf5fda:not(:hover) .soc-font-icon,\n#page .dt-shortcode-soc-icons a.single-soc-icon-aecfea3da6e4110364096d9c85bf5fda:not(:hover) .soc-icon,\n#phantom .dt-shortcode-soc-icons a.single-soc-icon-aecfea3da6e4110364096d9c85bf5fda:not(:hover) .soc-icon {\n  color: #7c4298;\n  background: none;\n}\n.dt-shortcode-soc-icons a.single-soc-icon-aecfea3da6e4110364096d9c85bf5fda .soc-font-icon,\n.dt-shortcode-soc-icons a.single-soc-icon-aecfea3da6e4110364096d9c85bf5fda .soc-icon {\n  font-size: 30px;\n}\n<\/style><a title=\"\" href=\"#\" class=\"fab fa-viber single-soc-icon-aecfea3da6e4110364096d9c85bf5fda dt-icon-bg-off dt-icon-hover-bg-off\"><i class=\"soc-icon fab fa-viber\"><\/i><span class=\"screen-reader-text\"><\/span><\/a><style type=\"text\/css\" data-type=\"the7_shortcodes-inline-css\">.dt-shortcode-soc-icons a.single-soc-icon-650e5e9fb374ba110833265ef92df749 {\n  min-width: 0px;\n  min-height: 0px;\n  font-size: 30px;\n  border-radius: 0px;\n}\n.dt-shortcode-soc-icons a.single-soc-icon-650e5e9fb374ba110833265ef92df749:last-child {\n  margin-right: 0;\n}\n.dt-shortcode-soc-icons a.single-soc-icon-650e5e9fb374ba110833265ef92df749:before,\n.dt-shortcode-soc-icons a.single-soc-icon-650e5e9fb374ba110833265ef92df749:after {\n  min-width: 0px;\n  min-height: 0px;\n  padding: inherit;\n}\n.dt-shortcode-soc-icons a.single-soc-icon-650e5e9fb374ba110833265ef92df749.dt-icon-border-on:before {\n  border: 0px solid ;\n}\n.dt-shortcode-soc-icons a.single-soc-icon-650e5e9fb374ba110833265ef92df749.dt-icon-hover-border-on:after {\n  border: 0px solid ;\n}\n.dt-shortcode-soc-icons a.single-soc-icon-650e5e9fb374ba110833265ef92df749:hover {\n  font-size: 30px;\n}\n#page .dt-shortcode-soc-icons a.single-soc-icon-650e5e9fb374ba110833265ef92df749:not(:hover) .soc-font-icon,\n#phantom .dt-shortcode-soc-icons a.single-soc-icon-650e5e9fb374ba110833265ef92df749:not(:hover) .soc-font-icon,\n#page .dt-shortcode-soc-icons a.single-soc-icon-650e5e9fb374ba110833265ef92df749:not(:hover) .soc-icon,\n#phantom .dt-shortcode-soc-icons a.single-soc-icon-650e5e9fb374ba110833265ef92df749:not(:hover) .soc-icon {\n  color: #24cc63;\n  background: none;\n}\n.dt-shortcode-soc-icons a.single-soc-icon-650e5e9fb374ba110833265ef92df749 .soc-font-icon,\n.dt-shortcode-soc-icons a.single-soc-icon-650e5e9fb374ba110833265ef92df749 .soc-icon {\n  font-size: 30px;\n}\n<\/style><a title=\"\" href=\"#\" class=\"icomoon-the7-font-whatsapp single-soc-icon-650e5e9fb374ba110833265ef92df749 dt-icon-bg-off dt-icon-hover-bg-off\"><i class=\"soc-icon icomoon-the7-font-whatsapp\"><\/i><span class=\"screen-reader-text\"><\/span><\/a><style type=\"text\/css\" data-type=\"the7_shortcodes-inline-css\">.dt-shortcode-soc-icons a.single-soc-icon-82f3f5f862ae5c32f5f2d5c3729e61b8 {\n  min-width: 0px;\n  min-height: 0px;\n  font-size: 30px;\n  border-radius: 0px;\n}\n.dt-shortcode-soc-icons a.single-soc-icon-82f3f5f862ae5c32f5f2d5c3729e61b8:last-child {\n  margin-right: 0;\n}\n.dt-shortcode-soc-icons a.single-soc-icon-82f3f5f862ae5c32f5f2d5c3729e61b8:before,\n.dt-shortcode-soc-icons a.single-soc-icon-82f3f5f862ae5c32f5f2d5c3729e61b8:after {\n  min-width: 0px;\n  min-height: 0px;\n  padding: inherit;\n}\n.dt-shortcode-soc-icons a.single-soc-icon-82f3f5f862ae5c32f5f2d5c3729e61b8.dt-icon-border-on:before {\n  border: 0px solid ;\n}\n.dt-shortcode-soc-icons a.single-soc-icon-82f3f5f862ae5c32f5f2d5c3729e61b8.dt-icon-hover-border-on:after {\n  border: 0px solid ;\n}\n.dt-shortcode-soc-icons a.single-soc-icon-82f3f5f862ae5c32f5f2d5c3729e61b8:hover {\n  font-size: 30px;\n}\n#page .dt-shortcode-soc-icons a.single-soc-icon-82f3f5f862ae5c32f5f2d5c3729e61b8:not(:hover) .soc-font-icon,\n#phantom .dt-shortcode-soc-icons a.single-soc-icon-82f3f5f862ae5c32f5f2d5c3729e61b8:not(:hover) .soc-font-icon,\n#page .dt-shortcode-soc-icons a.single-soc-icon-82f3f5f862ae5c32f5f2d5c3729e61b8:not(:hover) .soc-icon,\n#phantom .dt-shortcode-soc-icons a.single-soc-icon-82f3f5f862ae5c32f5f2d5c3729e61b8:not(:hover) .soc-icon {\n  color: #30a4da;\n  background: none;\n}\n.dt-shortcode-soc-icons a.single-soc-icon-82f3f5f862ae5c32f5f2d5c3729e61b8 .soc-font-icon,\n.dt-shortcode-soc-icons a.single-soc-icon-82f3f5f862ae5c32f5f2d5c3729e61b8 .soc-icon {\n  font-size: 30px;\n}\n<\/style><a title=\"\" href=\"#\" class=\"icomoon-the7-font-telegram single-soc-icon-82f3f5f862ae5c32f5f2d5c3729e61b8 dt-icon-bg-off dt-icon-hover-bg-off\"><i class=\"soc-icon icomoon-the7-font-telegram\"><\/i><span class=\"screen-reader-text\"><\/span><\/a><\/div>[vc_raw_html]JTNDaWZyYW1lJTIwc3JjJTNEJTIyaHR0cHMlM0ElMkYlMkZ3d3cuZ29vZ2xlLmNvbSUyRm1hcHMlMkZlbWJlZCUzRnBiJTNEJTIxMW0xOCUyMTFtMTIlMjExbTMlMjExZDgxMTQuODgxMzY4NzkzNzM2JTIxMmQyNC43MzQ1ODkzNTE5NDkwNTUlMjEzZDU5LjQzNzczODYxNzg0ODA3JTIxMm0zJTIxMWYwJTIxMmYwJTIxM2YwJTIxM20yJTIxMWkxMDI0JTIxMmk3NjglMjE0ZjEzLjElMjEzbTMlMjExbTIlMjExczB4NDY5MjkzNjI2NzljMzUzOSUyNTNBMHg1NmU5Yjk0NDVlYjMxZGM1JTIxMnNWYW5hbGlubiUyNTJDJTI1MjBUYWxsaW5uJTIxNWUwJTIxM20yJTIxMXNlbiUyMTJzZWUlMjE0djE2MTI2MDkyODgxMjYlMjE1bTIlMjExc2VuJTIxMnNlZSUyMiUyMHdpZHRoJTNEJTIyMTAwJTI1JTIyJTIwaGVpZ2h0JTNEJTIyNDUwJTIyJTIwZnJhbWVib3JkZXIlM0QlMjIwJTIyJTIwc3R5bGUlM0QlMjJib3JkZXIlM0EwJTNCJTIyJTIwYWxsb3dmdWxsc2NyZWVuJTNEJTIyJTIyJTIwYXJpYS1oaWRkZW4lM0QlMjJmYWxzZSUyMiUyMHRhYmluZGV4JTNEJTIyMCUyMiUzRSUzQyUyRmlmcmFtZSUzRQ==[\/vc_raw_html][\/vc_column][\/vc_row]<\/p>\n<\/div>","protected":false},"excerpt":{"rendered":"<p>[vc_row equal_height=&#8221;yes&#8221; content_placement=&#8221;top&#8221; type=&#8221;vc_default&#8221; css=&#8221;.vc_custom_1623069972652{padding-top: 30px !important;padding-bottom: 20px !important;}&#8221; el_id=&#8221;contact&#8221;][vc_column offset=&#8221;vc_col-lg-6 vc_col-md-6&#8243; css=&#8221;.vc_custom_1517255858997{padding-bottom: 50px !important;}&#8221;][\/vc_column][vc_column css=&#8221;.vc_custom_1517255855426{padding-bottom: 50px !important;}&#8221; offset=&#8221;vc_col-lg-6 vc_col-md-6&#8243;][vc_raw_html]JTNDaWZyYW1lJTIwc3JjJTNEJTIyaHR0cHMlM0ElMkYlMkZ3d3cuZ29vZ2xlLmNvbSUyRm1hcHMlMkZlbWJlZCUzRnBiJTNEJTIxMW0xOCUyMTFtMTIlMjExbTMlMjExZDgxMTQuODgxMzY4NzkzNzM2JTIxMmQyNC43MzQ1ODkzNTE5NDkwNTUlMjEzZDU5LjQzNzczODYxNzg0ODA3JTIxMm0zJTIxMWYwJTIxMmYwJTIxM2YwJTIxM20yJTIxMWkxMDI0JTIxMmk3NjglMjE0ZjEzLjElMjEzbTMlMjExbTIlMjExczB4NDY5MjkzNjI2NzljMzUzOSUyNTNBMHg1NmU5Yjk0NDVlYjMxZGM1JTIxMnNWYW5hbGlubiUyNTJDJTI1MjBUYWxsaW5uJTIxNWUwJTIxM20yJTIxMXNlbiUyMTJzZWUlMjE0djE2MTI2MDkyODgxMjYlMjE1bTIlMjExc2VuJTIxMnNlZSUyMiUyMHdpZHRoJTNEJTIyMTAwJTI1JTIyJTIwaGVpZ2h0JTNEJTIyNDUwJTIyJTIwZnJhbWVib3JkZXIlM0QlMjIwJTIyJTIwc3R5bGUlM0QlMjJib3JkZXIlM0EwJTNCJTIyJTIwYWxsb3dmdWxsc2NyZWVuJTNEJTIyJTIyJTIwYXJpYS1oaWRkZW4lM0QlMjJmYWxzZSUyMiUyMHRhYmluZGV4JTNEJTIyMCUyMiUzRSUzQyUyRmlmcmFtZSUzRQ==[\/vc_raw_html][\/vc_column][\/vc_row]<\/p>\n","protected":false},"author":1,"featured_media":0,"parent":0,"menu_order":10,"comment_status":"closed","ping_status":"closed","template":"","meta":{"footnotes":""},"class_list":["post-2236","page","type-page","status-publish","hentry","description-off"],"yoast_head":"<!-- This site is optimized with the Yoast SEO plugin v22.6 - https:\/\/yoast.com\/wordpress\/plugins\/seo\/ -->\n<title>Kontaktid - LensLegal O\u00dc<\/title>\n<meta name=\"robots\" content=\"index, follow, max-snippet:-1, max-image-preview:large, max-video-preview:-1\" \/>\n<link rel=\"canonical\" href=\"https:\/\/lenslegal.ee\/et\/kontaktid\/\" \/>\n<meta property=\"og:locale\" content=\"et_EE\" \/>\n<meta property=\"og:type\" content=\"article\" \/>\n<meta property=\"og:title\" content=\"Kontaktid - LensLegal O\u00dc\" \/>\n<meta property=\"og:description\" content=\"[vc_row equal_height=&#8221;yes&#8221; content_placement=&#8221;top&#8221; type=&#8221;vc_default&#8221; css=&#8221;.vc_custom_1623069972652{padding-top: 30px !important;padding-bottom: 20px !important;}&#8221; el_id=&#8221;contact&#8221;][vc_column offset=&#8221;vc_col-lg-6 vc_col-md-6&#8243; css=&#8221;.vc_custom_1517255858997{padding-bottom: 50px !important;}&#8221;][\/vc_column][vc_column css=&#8221;.vc_custom_1517255855426{padding-bottom: 50px !important;}&#8221; offset=&#8221;vc_col-lg-6 vc_col-md-6&#8243;][vc_raw_html]JTNDaWZyYW1lJTIwc3JjJTNEJTIyaHR0cHMlM0ElMkYlMkZ3d3cuZ29vZ2xlLmNvbSUyRm1hcHMlMkZlbWJlZCUzRnBiJTNEJTIxMW0xOCUyMTFtMTIlMjExbTMlMjExZDgxMTQuODgxMzY4NzkzNzM2JTIxMmQyNC43MzQ1ODkzNTE5NDkwNTUlMjEzZDU5LjQzNzczODYxNzg0ODA3JTIxMm0zJTIxMWYwJTIxMmYwJTIxM2YwJTIxM20yJTIxMWkxMDI0JTIxMmk3NjglMjE0ZjEzLjElMjEzbTMlMjExbTIlMjExczB4NDY5MjkzNjI2NzljMzUzOSUyNTNBMHg1NmU5Yjk0NDVlYjMxZGM1JTIxMnNWYW5hbGlubiUyNTJDJTI1MjBUYWxsaW5uJTIxNWUwJTIxM20yJTIxMXNlbiUyMTJzZWUlMjE0djE2MTI2MDkyODgxMjYlMjE1bTIlMjExc2VuJTIxMnNlZSUyMiUyMHdpZHRoJTNEJTIyMTAwJTI1JTIyJTIwaGVpZ2h0JTNEJTIyNDUwJTIyJTIwZnJhbWVib3JkZXIlM0QlMjIwJTIyJTIwc3R5bGUlM0QlMjJib3JkZXIlM0EwJTNCJTIyJTIwYWxsb3dmdWxsc2NyZWVuJTNEJTIyJTIyJTIwYXJpYS1oaWRkZW4lM0QlMjJmYWxzZSUyMiUyMHRhYmluZGV4JTNEJTIyMCUyMiUzRSUzQyUyRmlmcmFtZSUzRQ==[\/vc_raw_html][\/vc_column][\/vc_row]\" \/>\n<meta property=\"og:url\" content=\"https:\/\/lenslegal.ee\/et\/kontaktid\/\" \/>\n<meta property=\"og:site_name\" content=\"LensLegal O\u00dc\" \/>\n<meta property=\"article:modified_time\" content=\"2021-12-08T13:25:11+00:00\" \/>\n<meta name=\"twitter:card\" content=\"summary_large_image\" \/>\n<meta name=\"twitter:label1\" content=\"Est. reading time\" \/>\n\t<meta name=\"twitter:data1\" content=\"1 minut\" \/>\n<script type=\"application\/ld+json\" class=\"yoast-schema-graph\">{\"@context\":\"https:\/\/schema.org\",\"@graph\":[{\"@type\":\"WebPage\",\"@id\":\"https:\/\/lenslegal.ee\/et\/kontaktid\/\",\"url\":\"https:\/\/lenslegal.ee\/et\/kontaktid\/\",\"name\":\"Kontaktid - LensLegal O\u00dc\",\"isPartOf\":{\"@id\":\"https:\/\/lenslegal.ee\/#website\"},\"datePublished\":\"2021-02-06T09:52:59+00:00\",\"dateModified\":\"2021-12-08T13:25:11+00:00\",\"breadcrumb\":{\"@id\":\"https:\/\/lenslegal.ee\/et\/kontaktid\/#breadcrumb\"},\"inLanguage\":\"et\",\"potentialAction\":[{\"@type\":\"ReadAction\",\"target\":[\"https:\/\/lenslegal.ee\/et\/kontaktid\/\"]}]},{\"@type\":\"BreadcrumbList\",\"@id\":\"https:\/\/lenslegal.ee\/et\/kontaktid\/#breadcrumb\",\"itemListElement\":[{\"@type\":\"ListItem\",\"position\":1,\"name\":\"Home\",\"item\":\"https:\/\/lenslegal.ee\/et\/\"},{\"@type\":\"ListItem\",\"position\":2,\"name\":\"Kontaktid\"}]},{\"@type\":\"WebSite\",\"@id\":\"https:\/\/lenslegal.ee\/#website\",\"url\":\"https:\/\/lenslegal.ee\/\",\"name\":\"LensLegal O\u00dc\",\"description\":\"\",\"publisher\":{\"@id\":\"https:\/\/lenslegal.ee\/#organization\"},\"potentialAction\":[{\"@type\":\"SearchAction\",\"target\":{\"@type\":\"EntryPoint\",\"urlTemplate\":\"https:\/\/lenslegal.ee\/?s={search_term_string}\"},\"query-input\":\"required name=search_term_string\"}],\"inLanguage\":\"et\"},{\"@type\":\"Organization\",\"@id\":\"https:\/\/lenslegal.ee\/#organization\",\"name\":\"LensLegal O\u00dc\",\"url\":\"https:\/\/lenslegal.ee\/\",\"logo\":{\"@type\":\"ImageObject\",\"inLanguage\":\"et\",\"@id\":\"https:\/\/lenslegal.ee\/#\/schema\/logo\/image\/\",\"url\":\"https:\/\/lenslegal.ee\/wp-content\/uploads\/2021\/01\/LensLegal-logo-hd.png\",\"contentUrl\":\"https:\/\/lenslegal.ee\/wp-content\/uploads\/2021\/01\/LensLegal-logo-hd.png\",\"width\":370,\"height\":51,\"caption\":\"LensLegal O\u00dc\"},\"image\":{\"@id\":\"https:\/\/lenslegal.ee\/#\/schema\/logo\/image\/\"}}]}<\/script>\n<!-- \/ Yoast SEO plugin. -->","yoast_head_json":{"title":"Kontaktid - LensLegal O\u00dc","robots":{"index":"index","follow":"follow","max-snippet":"max-snippet:-1","max-image-preview":"max-image-preview:large","max-video-preview":"max-video-preview:-1"},"canonical":"https:\/\/lenslegal.ee\/et\/kontaktid\/","og_locale":"et_EE","og_type":"article","og_title":"Kontaktid - LensLegal O\u00dc","og_description":"[vc_row equal_height=&#8221;yes&#8221; content_placement=&#8221;top&#8221; type=&#8221;vc_default&#8221; css=&#8221;.vc_custom_1623069972652{padding-top: 30px !important;padding-bottom: 20px !important;}&#8221; el_id=&#8221;contact&#8221;][vc_column offset=&#8221;vc_col-lg-6 vc_col-md-6&#8243; css=&#8221;.vc_custom_1517255858997{padding-bottom: 50px !important;}&#8221;][\/vc_column][vc_column css=&#8221;.vc_custom_1517255855426{padding-bottom: 50px !important;}&#8221; offset=&#8221;vc_col-lg-6 vc_col-md-6&#8243;][vc_raw_html]JTNDaWZyYW1lJTIwc3JjJTNEJTIyaHR0cHMlM0ElMkYlMkZ3d3cuZ29vZ2xlLmNvbSUyRm1hcHMlMkZlbWJlZCUzRnBiJTNEJTIxMW0xOCUyMTFtMTIlMjExbTMlMjExZDgxMTQuODgxMzY4NzkzNzM2JTIxMmQyNC43MzQ1ODkzNTE5NDkwNTUlMjEzZDU5LjQzNzczODYxNzg0ODA3JTIxMm0zJTIxMWYwJTIxMmYwJTIxM2YwJTIxM20yJTIxMWkxMDI0JTIxMmk3NjglMjE0ZjEzLjElMjEzbTMlMjExbTIlMjExczB4NDY5MjkzNjI2NzljMzUzOSUyNTNBMHg1NmU5Yjk0NDVlYjMxZGM1JTIxMnNWYW5hbGlubiUyNTJDJTI1MjBUYWxsaW5uJTIxNWUwJTIxM20yJTIxMXNlbiUyMTJzZWUlMjE0djE2MTI2MDkyODgxMjYlMjE1bTIlMjExc2VuJTIxMnNlZSUyMiUyMHdpZHRoJTNEJTIyMTAwJTI1JTIyJTIwaGVpZ2h0JTNEJTIyNDUwJTIyJTIwZnJhbWVib3JkZXIlM0QlMjIwJTIyJTIwc3R5bGUlM0QlMjJib3JkZXIlM0EwJTNCJTIyJTIwYWxsb3dmdWxsc2NyZWVuJTNEJTIyJTIyJTIwYXJpYS1oaWRkZW4lM0QlMjJmYWxzZSUyMiUyMHRhYmluZGV4JTNEJTIyMCUyMiUzRSUzQyUyRmlmcmFtZSUzRQ==[\/vc_raw_html][\/vc_column][\/vc_row]","og_url":"https:\/\/lenslegal.ee\/et\/kontaktid\/","og_site_name":"LensLegal O\u00dc","article_modified_time":"2021-12-08T13:25:11+00:00","twitter_card":"summary_large_image","twitter_misc":{"Est. reading time":"1 minut"},"schema":{"@context":"https:\/\/schema.org","@graph":[{"@type":"WebPage","@id":"https:\/\/lenslegal.ee\/et\/kontaktid\/","url":"https:\/\/lenslegal.ee\/et\/kontaktid\/","name":"Kontaktid - LensLegal O\u00dc","isPartOf":{"@id":"https:\/\/lenslegal.ee\/#website"},"datePublished":"2021-02-06T09:52:59+00:00","dateModified":"2021-12-08T13:25:11+00:00","breadcrumb":{"@id":"https:\/\/lenslegal.ee\/et\/kontaktid\/#breadcrumb"},"inLanguage":"et","potentialAction":[{"@type":"ReadAction","target":["https:\/\/lenslegal.ee\/et\/kontaktid\/"]}]},{"@type":"BreadcrumbList","@id":"https:\/\/lenslegal.ee\/et\/kontaktid\/#breadcrumb","itemListElement":[{"@type":"ListItem","position":1,"name":"Home","item":"https:\/\/lenslegal.ee\/et\/"},{"@type":"ListItem","position":2,"name":"Kontaktid"}]},{"@type":"WebSite","@id":"https:\/\/lenslegal.ee\/#website","url":"https:\/\/lenslegal.ee\/","name":"LensLegal O\u00dc","description":"","publisher":{"@id":"https:\/\/lenslegal.ee\/#organization"},"potentialAction":[{"@type":"SearchAction","target":{"@type":"EntryPoint","urlTemplate":"https:\/\/lenslegal.ee\/?s={search_term_string}"},"query-input":"required name=search_term_string"}],"inLanguage":"et"},{"@type":"Organization","@id":"https:\/\/lenslegal.ee\/#organization","name":"LensLegal O\u00dc","url":"https:\/\/lenslegal.ee\/","logo":{"@type":"ImageObject","inLanguage":"et","@id":"https:\/\/lenslegal.ee\/#\/schema\/logo\/image\/","url":"https:\/\/lenslegal.ee\/wp-content\/uploads\/2021\/01\/LensLegal-logo-hd.png","contentUrl":"https:\/\/lenslegal.ee\/wp-content\/uploads\/2021\/01\/LensLegal-logo-hd.png","width":370,"height":51,"caption":"LensLegal O\u00dc"},"image":{"@id":"https:\/\/lenslegal.ee\/#\/schema\/logo\/image\/"}}]}},"_links":{"self":[{"href":"https:\/\/lenslegal.ee\/et\/wp-json\/wp\/v2\/pages\/2236","targetHints":{"allow":["GET"]}}],"collection":[{"href":"https:\/\/lenslegal.ee\/et\/wp-json\/wp\/v2\/pages"}],"about":[{"href":"https:\/\/lenslegal.ee\/et\/wp-json\/wp\/v2\/types\/page"}],"author":[{"embeddable":true,"href":"https:\/\/lenslegal.ee\/et\/wp-json\/wp\/v2\/users\/1"}],"replies":[{"embeddable":true,"href":"https:\/\/lenslegal.ee\/et\/wp-json\/wp\/v2\/comments?post=2236"}],"version-history":[{"count":4,"href":"https:\/\/lenslegal.ee\/et\/wp-json\/wp\/v2\/pages\/2236\/revisions"}],"predecessor-version":[{"id":2290,"href":"https:\/\/lenslegal.ee\/et\/wp-json\/wp\/v2\/pages\/2236\/revisions\/2290"}],"wp:attachment":[{"href":"https:\/\/lenslegal.ee\/et\/wp-json\/wp\/v2\/media?parent=2236"}],"curies":[{"name":"wp","href":"https:\/\/api.w.org\/{rel}","templated":true}]}}