{"id":2239,"date":"2021-03-10T09:11:33","date_gmt":"2021-03-10T09:11:33","guid":{"rendered":"https:\/\/lenslegal.ee\/personal\/"},"modified":"2024-03-12T17:58:08","modified_gmt":"2024-03-12T17:58:08","slug":"meeskond","status":"publish","type":"page","link":"https:\/\/lenslegal.ee\/et\/meeskond\/","title":{"rendered":"Meie meeskond"},"content":{"rendered":"<div class=\"wpb-content-wrapper\"><p>[vc_row equal_height=&#8221;yes&#8221; bg_type=&#8221;bg_color&#8221; bg_override=&#8221;ex-full&#8221; type=&#8221;vc_default&#8221; el_id=&#8221;team&#8221; bg_color_value=&#8221;#e9ebea&#8221;][vc_column width=&#8221;1\/2&#8243; css=&#8221;.vc_custom_1616761362297{margin-right: 15px !important;margin-left: 15px !important;padding-top: 40px !important;padding-right: 40px !important;padding-bottom: 40px !important;padding-left: 40px !important;background-color: #ffffff !important;}&#8221; el_class=&#8221;textjustify&#8221;][vc_single_image image=&#8221;1944&#8243; img_size=&#8221;full&#8221; alignment=&#8221;center&#8221; style=&#8221;vc_box_circle_2&#8243; css=&#8221;.vc_custom_1619775576560{margin-bottom: 15px !important;}&#8221;][vc_column_text]<\/p>\n<div align=\"center\">\n<h3>Oksana Versal<\/h3>\n<p><u>Jurist (MA)<\/u><\/p>\n<\/div>\n<div>\n<p>Tegevusvaldkonnad:<\/p>\n<ul>\n<li>\u00c4ri\u00f5igus<\/li>\n<li>V\u00f5la\u00f5igus<\/li>\n<li>T\u00f6\u00f6\u00f5igus<\/li>\n<li>Pankroti- ja t\u00e4itemenetlus<\/li>\n<\/ul>\n<p>T\u00f6\u00f6kogemused rahvusvaheliste projektidega \u00e4ri\u00f5iguse alal koost\u00f6\u00f6s vastava ekspertidega. T\u00f6\u00f6kogemused mitmesuguse juriidilise dokumentatsiooni v\u00e4ljat\u00f6\u00f6tamisel ja ettevalmistamisel; n\u00f5ustamisel ja juriidilisel toetamisel seoses \u00e4ri\u00fchingute \u00fchinemisega ja jagunemisega, samuti esindamisel pankroti- ja t\u00e4itemenetluses.<\/p>\n<p>Keeled:<\/p>\n<ul>\n<li>vene<\/li>\n<li>eesti<\/li>\n<li>inglise<\/li>\n<\/ul>\n<\/div>\n<p>[\/vc_column_text][\/vc_column][vc_column width=&#8221;1\/2&#8243; css=&#8221;.vc_custom_1615371029031{margin-right: 15px !important;margin-left: 15px !important;padding-top: 40px !important;padding-right: 40px !important;padding-bottom: 40px !important;padding-left: 40px !important;background-color: #ffffff !important;}&#8221;][vc_single_image image=&#8221;1753&#8243; img_size=&#8221;full&#8221; alignment=&#8221;center&#8221; style=&#8221;vc_box_circle_2&#8243; css=&#8221;.vc_custom_1614255890077{margin-bottom: 15px !important;}&#8221;][vc_column_text]<\/p>\n<div align=\"center\">\n<h3>Anna D\u017eessika Bogat\u0161ova<\/h3>\n<p><u>Jurist (MA rahvusvaheline \u00f5igus ja inim\u00f5igused)<\/u><\/p>\n<\/div>\n<div>\n<p>Tegevusvaldkonnad:<\/p>\n<ul>\n<li>Tsiviil\u00f5igus<\/li>\n<li>Lepingu\u00f5igus<\/li>\n<li>Rahvusvaheline \u00f5igus<\/li>\n<li>T\u00f6\u00f6\u00f5igus<\/li>\n<\/ul>\n<p>Projektijuhtimine ja \u00f5igusalane n\u00f5ustamine ettev\u00f5tetele \u00e4ri-, lepingu- ja t\u00f6\u00f6\u00f5iguslikes k\u00fcsimustes. T\u00f6\u00f6kogemus isikuandmete kaitse valdkonnas, sealhulgas t\u00f6\u00f6tajate isikuandmete t\u00f6\u00f6tlemisega seotud k\u00fcsimustes.<\/p>\n<p>Keeled:<\/p>\n<ul>\n<li>vene<\/li>\n<li>eesti<\/li>\n<li>inglise<\/li>\n<\/ul>\n<\/div>\n<p>[\/vc_column_text][\/vc_column][\/vc_row]<\/p>\n<\/div>","protected":false},"excerpt":{"rendered":"<p>[vc_row equal_height=&#8221;yes&#8221; bg_type=&#8221;bg_color&#8221; bg_override=&#8221;ex-full&#8221; type=&#8221;vc_default&#8221; el_id=&#8221;team&#8221; bg_color_value=&#8221;#e9ebea&#8221;][vc_column width=&#8221;1\/2&#8243; css=&#8221;.vc_custom_1616761362297{margin-right: 15px !important;margin-left: 15px !important;padding-top: 40px !important;padding-right: 40px !important;padding-bottom: 40px !important;padding-left: 40px !important;background-color: #ffffff !important;}&#8221; el_class=&#8221;textjustify&#8221;][vc_single_image image=&#8221;1944&#8243; img_size=&#8221;full&#8221; alignment=&#8221;center&#8221; style=&#8221;vc_box_circle_2&#8243; css=&#8221;.vc_custom_1619775576560{margin-bottom: 15px !important;}&#8221;][vc_column_text] Oksana Versal Jurist (MA) Tegevusvaldkonnad: \u00c4ri\u00f5igus V\u00f5la\u00f5igus T\u00f6\u00f6\u00f5igus Pankroti- ja t\u00e4itemenetlus T\u00f6\u00f6kogemused rahvusvaheliste projektidega \u00e4ri\u00f5iguse alal koost\u00f6\u00f6s vastava ekspertidega. T\u00f6\u00f6kogemused mitmesuguse juriidilise dokumentatsiooni v\u00e4ljat\u00f6\u00f6tamisel&hellip;<\/p>\n","protected":false},"author":1,"featured_media":0,"parent":0,"menu_order":10,"comment_status":"closed","ping_status":"closed","template":"","meta":{"footnotes":""},"class_list":["post-2239","page","type-page","status-publish","hentry","description-off"],"yoast_head":"<!-- This site is optimized with the Yoast SEO plugin v22.6 - https:\/\/yoast.com\/wordpress\/plugins\/seo\/ -->\n<title>Meie meeskond - LensLegal O\u00dc<\/title>\n<meta name=\"robots\" content=\"index, follow, max-snippet:-1, max-image-preview:large, max-video-preview:-1\" \/>\n<link rel=\"canonical\" href=\"https:\/\/lenslegal.ee\/et\/meeskond\/\" \/>\n<meta property=\"og:locale\" content=\"et_EE\" \/>\n<meta property=\"og:type\" content=\"article\" \/>\n<meta property=\"og:title\" content=\"Meie meeskond - LensLegal O\u00dc\" \/>\n<meta property=\"og:description\" content=\"[vc_row equal_height=&#8221;yes&#8221; bg_type=&#8221;bg_color&#8221; bg_override=&#8221;ex-full&#8221; type=&#8221;vc_default&#8221; el_id=&#8221;team&#8221; bg_color_value=&#8221;#e9ebea&#8221;][vc_column width=&#8221;1\/2&#8243; css=&#8221;.vc_custom_1616761362297{margin-right: 15px !important;margin-left: 15px !important;padding-top: 40px !important;padding-right: 40px !important;padding-bottom: 40px !important;padding-left: 40px !important;background-color: #ffffff !important;}&#8221; el_class=&#8221;textjustify&#8221;][vc_single_image image=&#8221;1944&#8243; img_size=&#8221;full&#8221; alignment=&#8221;center&#8221; style=&#8221;vc_box_circle_2&#8243; css=&#8221;.vc_custom_1619775576560{margin-bottom: 15px !important;}&#8221;][vc_column_text] Oksana Versal Jurist (MA) Tegevusvaldkonnad: \u00c4ri\u00f5igus V\u00f5la\u00f5igus T\u00f6\u00f6\u00f5igus Pankroti- ja t\u00e4itemenetlus T\u00f6\u00f6kogemused rahvusvaheliste projektidega \u00e4ri\u00f5iguse alal koost\u00f6\u00f6s vastava ekspertidega. T\u00f6\u00f6kogemused mitmesuguse juriidilise dokumentatsiooni v\u00e4ljat\u00f6\u00f6tamisel&hellip;\" \/>\n<meta property=\"og:url\" content=\"https:\/\/lenslegal.ee\/et\/meeskond\/\" \/>\n<meta property=\"og:site_name\" content=\"LensLegal O\u00dc\" \/>\n<meta property=\"article:modified_time\" content=\"2024-03-12T17:58:08+00:00\" \/>\n<meta name=\"twitter:card\" content=\"summary_large_image\" \/>\n<meta name=\"twitter:label1\" content=\"Est. reading time\" \/>\n\t<meta name=\"twitter:data1\" content=\"1 minut\" \/>\n<script type=\"application\/ld+json\" class=\"yoast-schema-graph\">{\"@context\":\"https:\/\/schema.org\",\"@graph\":[{\"@type\":\"WebPage\",\"@id\":\"https:\/\/lenslegal.ee\/et\/meeskond\/\",\"url\":\"https:\/\/lenslegal.ee\/et\/meeskond\/\",\"name\":\"Meie meeskond - LensLegal O\u00dc\",\"isPartOf\":{\"@id\":\"https:\/\/lenslegal.ee\/#website\"},\"datePublished\":\"2021-03-10T09:11:33+00:00\",\"dateModified\":\"2024-03-12T17:58:08+00:00\",\"breadcrumb\":{\"@id\":\"https:\/\/lenslegal.ee\/et\/meeskond\/#breadcrumb\"},\"inLanguage\":\"et\",\"potentialAction\":[{\"@type\":\"ReadAction\",\"target\":[\"https:\/\/lenslegal.ee\/et\/meeskond\/\"]}]},{\"@type\":\"BreadcrumbList\",\"@id\":\"https:\/\/lenslegal.ee\/et\/meeskond\/#breadcrumb\",\"itemListElement\":[{\"@type\":\"ListItem\",\"position\":1,\"name\":\"Home\",\"item\":\"https:\/\/lenslegal.ee\/et\/\"},{\"@type\":\"ListItem\",\"position\":2,\"name\":\"Meie meeskond\"}]},{\"@type\":\"WebSite\",\"@id\":\"https:\/\/lenslegal.ee\/#website\",\"url\":\"https:\/\/lenslegal.ee\/\",\"name\":\"LensLegal O\u00dc\",\"description\":\"\",\"publisher\":{\"@id\":\"https:\/\/lenslegal.ee\/#organization\"},\"potentialAction\":[{\"@type\":\"SearchAction\",\"target\":{\"@type\":\"EntryPoint\",\"urlTemplate\":\"https:\/\/lenslegal.ee\/?s={search_term_string}\"},\"query-input\":\"required name=search_term_string\"}],\"inLanguage\":\"et\"},{\"@type\":\"Organization\",\"@id\":\"https:\/\/lenslegal.ee\/#organization\",\"name\":\"LensLegal O\u00dc\",\"url\":\"https:\/\/lenslegal.ee\/\",\"logo\":{\"@type\":\"ImageObject\",\"inLanguage\":\"et\",\"@id\":\"https:\/\/lenslegal.ee\/#\/schema\/logo\/image\/\",\"url\":\"https:\/\/lenslegal.ee\/wp-content\/uploads\/2021\/01\/LensLegal-logo-hd.png\",\"contentUrl\":\"https:\/\/lenslegal.ee\/wp-content\/uploads\/2021\/01\/LensLegal-logo-hd.png\",\"width\":370,\"height\":51,\"caption\":\"LensLegal O\u00dc\"},\"image\":{\"@id\":\"https:\/\/lenslegal.ee\/#\/schema\/logo\/image\/\"}}]}<\/script>\n<!-- \/ Yoast SEO plugin. -->","yoast_head_json":{"title":"Meie meeskond - LensLegal O\u00dc","robots":{"index":"index","follow":"follow","max-snippet":"max-snippet:-1","max-image-preview":"max-image-preview:large","max-video-preview":"max-video-preview:-1"},"canonical":"https:\/\/lenslegal.ee\/et\/meeskond\/","og_locale":"et_EE","og_type":"article","og_title":"Meie meeskond - LensLegal O\u00dc","og_description":"[vc_row equal_height=&#8221;yes&#8221; bg_type=&#8221;bg_color&#8221; bg_override=&#8221;ex-full&#8221; type=&#8221;vc_default&#8221; el_id=&#8221;team&#8221; bg_color_value=&#8221;#e9ebea&#8221;][vc_column width=&#8221;1\/2&#8243; css=&#8221;.vc_custom_1616761362297{margin-right: 15px !important;margin-left: 15px !important;padding-top: 40px !important;padding-right: 40px !important;padding-bottom: 40px !important;padding-left: 40px !important;background-color: #ffffff !important;}&#8221; el_class=&#8221;textjustify&#8221;][vc_single_image image=&#8221;1944&#8243; img_size=&#8221;full&#8221; alignment=&#8221;center&#8221; style=&#8221;vc_box_circle_2&#8243; css=&#8221;.vc_custom_1619775576560{margin-bottom: 15px !important;}&#8221;][vc_column_text] Oksana Versal Jurist (MA) Tegevusvaldkonnad: \u00c4ri\u00f5igus V\u00f5la\u00f5igus T\u00f6\u00f6\u00f5igus Pankroti- ja t\u00e4itemenetlus T\u00f6\u00f6kogemused rahvusvaheliste projektidega \u00e4ri\u00f5iguse alal koost\u00f6\u00f6s vastava ekspertidega. T\u00f6\u00f6kogemused mitmesuguse juriidilise dokumentatsiooni v\u00e4ljat\u00f6\u00f6tamisel&hellip;","og_url":"https:\/\/lenslegal.ee\/et\/meeskond\/","og_site_name":"LensLegal O\u00dc","article_modified_time":"2024-03-12T17:58:08+00:00","twitter_card":"summary_large_image","twitter_misc":{"Est. reading time":"1 minut"},"schema":{"@context":"https:\/\/schema.org","@graph":[{"@type":"WebPage","@id":"https:\/\/lenslegal.ee\/et\/meeskond\/","url":"https:\/\/lenslegal.ee\/et\/meeskond\/","name":"Meie meeskond - LensLegal O\u00dc","isPartOf":{"@id":"https:\/\/lenslegal.ee\/#website"},"datePublished":"2021-03-10T09:11:33+00:00","dateModified":"2024-03-12T17:58:08+00:00","breadcrumb":{"@id":"https:\/\/lenslegal.ee\/et\/meeskond\/#breadcrumb"},"inLanguage":"et","potentialAction":[{"@type":"ReadAction","target":["https:\/\/lenslegal.ee\/et\/meeskond\/"]}]},{"@type":"BreadcrumbList","@id":"https:\/\/lenslegal.ee\/et\/meeskond\/#breadcrumb","itemListElement":[{"@type":"ListItem","position":1,"name":"Home","item":"https:\/\/lenslegal.ee\/et\/"},{"@type":"ListItem","position":2,"name":"Meie meeskond"}]},{"@type":"WebSite","@id":"https:\/\/lenslegal.ee\/#website","url":"https:\/\/lenslegal.ee\/","name":"LensLegal O\u00dc","description":"","publisher":{"@id":"https:\/\/lenslegal.ee\/#organization"},"potentialAction":[{"@type":"SearchAction","target":{"@type":"EntryPoint","urlTemplate":"https:\/\/lenslegal.ee\/?s={search_term_string}"},"query-input":"required name=search_term_string"}],"inLanguage":"et"},{"@type":"Organization","@id":"https:\/\/lenslegal.ee\/#organization","name":"LensLegal O\u00dc","url":"https:\/\/lenslegal.ee\/","logo":{"@type":"ImageObject","inLanguage":"et","@id":"https:\/\/lenslegal.ee\/#\/schema\/logo\/image\/","url":"https:\/\/lenslegal.ee\/wp-content\/uploads\/2021\/01\/LensLegal-logo-hd.png","contentUrl":"https:\/\/lenslegal.ee\/wp-content\/uploads\/2021\/01\/LensLegal-logo-hd.png","width":370,"height":51,"caption":"LensLegal O\u00dc"},"image":{"@id":"https:\/\/lenslegal.ee\/#\/schema\/logo\/image\/"}}]}},"_links":{"self":[{"href":"https:\/\/lenslegal.ee\/et\/wp-json\/wp\/v2\/pages\/2239","targetHints":{"allow":["GET"]}}],"collection":[{"href":"https:\/\/lenslegal.ee\/et\/wp-json\/wp\/v2\/pages"}],"about":[{"href":"https:\/\/lenslegal.ee\/et\/wp-json\/wp\/v2\/types\/page"}],"author":[{"embeddable":true,"href":"https:\/\/lenslegal.ee\/et\/wp-json\/wp\/v2\/users\/1"}],"replies":[{"embeddable":true,"href":"https:\/\/lenslegal.ee\/et\/wp-json\/wp\/v2\/comments?post=2239"}],"version-history":[{"count":5,"href":"https:\/\/lenslegal.ee\/et\/wp-json\/wp\/v2\/pages\/2239\/revisions"}],"predecessor-version":[{"id":2300,"href":"https:\/\/lenslegal.ee\/et\/wp-json\/wp\/v2\/pages\/2239\/revisions\/2300"}],"wp:attachment":[{"href":"https:\/\/lenslegal.ee\/et\/wp-json\/wp\/v2\/media?parent=2239"}],"curies":[{"name":"wp","href":"https:\/\/api.w.org\/{rel}","templated":true}]}}