{"id":2245,"date":"2021-01-18T08:49:27","date_gmt":"2021-01-18T08:49:27","guid":{"rendered":"https:\/\/lenslegal.ee\/terms\/"},"modified":"2021-12-07T09:22:24","modified_gmt":"2021-12-07T09:22:24","slug":"kliendi-andmete-tootlemise-reeglid","status":"publish","type":"page","link":"https:\/\/lenslegal.ee\/et\/kliendi-andmete-tootlemise-reeglid\/","title":{"rendered":"Kliendi andmete t\u00f6\u00f6tlemise reeglid"},"content":{"rendered":"<div class=\"wpb-content-wrapper\"><p>[vc_row][vc_column][vc_column_text el_class=&#8221;textjustify&#8221;]<strong>Kliendi andmete t<\/strong><strong>\u00f6\u00f6tlemise reeglid<\/strong><\/p>\n<p>Vastavalt Eesti Vabariigi isikuandmete kaitse seaduse n\u00f5uetele peavad osapooled \u2013 Kasutaja\/Klient ja \u00c4ri\u00fching \u2013 j\u00e4rgima isikuandmete kaitsega seotud seadusi, sealhulgas, kuid mitte ainult, Euroopa Liidu isikuandmete kaitse \u00fcldm\u00e4\u00e4rust (General Data Protection Regulation, GDPR).<\/p>\n<p><strong>LensLegal<\/strong>\u00a0<strong>O\u00dc<\/strong>\u00a0(tekstis allpool Osa\u00fching v\u00f5i LensLegal O\u00dc) t\u00f6\u00f6tleb isikuandmeid ainult sel m\u00e4\u00e4ral ja sellisel viisil, mis on vajalikud Osa\u00fchingu kohustuste t\u00e4itmiseks Kliendi ees ning Teenuste osutamiseks. Kliendi andmete t\u00f6\u00f6tlemise p\u00f5hieesm\u00e4rk on t\u00e4ita kliendiga s\u00f5lmitud lepinguid ja hallata neid. T\u00f6\u00f6tlemise eesm\u00e4rk v\u00f5ib olla n\u00e4iteks: vajalike abin\u00f5ude rakendamine enne lepingu s\u00f5lmimist, samuti lepingu s\u00f5lmimine kliendiga ning s\u00f5lmitud lepingu t\u00e4itmine ja l\u00f5petamine.<\/p>\n<p>Klient on kohustatud: tagama k\u00f5igi vajalike teatiste ja lubade olemasolu isikuandmete seaduslikuks \u00fcleandmiseks Osa\u00fchingule, samuti garanteerima, et iga isikuandmete subjekt oleks praegu v\u00f5i edaspidi informeeritud k\u00e4esoleva Kokkuleppega seotud isikuandmete t\u00f6\u00f6tlemisest.<\/p>\n<p><em>Olge hea ja tutvuge meie konfidentsiaalsuspoliitikaga ning kinnitage oma n<\/em><em>\u00f5<\/em><em>usolekut Teie andmete t\u00f6\u00f6tlemisega. Kui Teil on tekkinud mingeid k\u00fcsimusi, olge hea ja kirjutage meile aadressil <\/em><a href=\"mailto:info@lenslegal.ee\">info@lenslegal.ee<\/a><em>. T\u00e4<\/em><em>name! <\/em><\/p>\n<p>&nbsp;<\/p>\n<p><strong>M\u00d5ISTED:<\/strong><\/p>\n<p>&nbsp;<\/p>\n<p><strong>Klient<\/strong>\u00a0\u2013 iga f\u00fc\u00fcsiline v\u00f5i juriidiline isik, kes kasutab, on kasutanud v\u00f5i on avaldanud soovi kasutada LensLegal O\u00dc teenuseid, v\u00f5i isik, kes on nendega muul viisil seotud. Reegleid kohaldatakse ka neile kliendisuhetele, mis on kehtinud enne Reeglite j\u00f5ustumist.<\/p>\n<p>&nbsp;<\/p>\n<p><strong>Osa\u00fching<\/strong>\u00a0\u2014 <strong>LensLegal<\/strong>\u00a0<strong>O\u00dc<\/strong>\u00a0(registrikood: 16132761), registreeritud Eestis (tekstis allpool Osa\u00fching\/LensLegal O\u00dc).<\/p>\n<p>&nbsp;<\/p>\n<p><strong>Kliendi andmete t\u00f6\u00f6<\/strong><strong>tlemise reeglid<\/strong>\u00a0\u2014 p\u00f5him\u00f5tted, mille alusel Osa\u00fching t\u00f6\u00f6tleb Kliendi andmeid ning mida on kirjeldatud k\u00e4esolevas reedites (tekstis allpool ka Reeglid).<\/p>\n<p><strong>\u00a0<\/strong><\/p>\n<p><strong>Volitatud t<\/strong><strong>\u00f6\u00f6<\/strong><strong>tleja<\/strong>\u00a0\u2013 iga f\u00fc\u00fcsiline v\u00f5i juriidiline isik, kes t\u00f6\u00f6tleb Kliendi andmeid vastutava t\u00f6\u00f6tleja nimel.<\/p>\n<p>&nbsp;<\/p>\n<p><strong>Vastutav t\u00f6\u00f6<\/strong><strong>tleja<\/strong>\u00a0\u2013 iga f\u00fc\u00fcsiline v\u00f5i juriidiline isik, kes ainuisikuliselt v\u00f5i koos teistega m\u00e4\u00e4rab Kliendi andmete t\u00f6\u00f6tlemise eesm\u00e4rgid ja vahendid. Vastavaltk\u00e4esolevatele Reeglitele on vastutav t\u00f6\u00f6tleja LensLegal O\u00dc.<\/p>\n<p>&nbsp;<\/p>\n<p><strong>\u00a0Osa\u00fchingu veebilehek\u00fclg<\/strong>\u00a0\u2014\u00a0<a href=\"https:\/\/xcap.eu\/ru\/\">\u00a0<\/a><a href=\"http:\/\/www.lenslegal.ee\/\">www.lenslegal.ee<\/a><\/p>\n<p>&nbsp;<\/p>\n<p><strong>\u00d5igusaktid<\/strong>, mis reguleerivad andmekaitset \u2013 k\u00f5ik andmekaitsevaldkonna \u00f5igusaktid, mida Osa\u00fching on kohustatud j\u00e4rgima, sealhulgas Euroopa Liidu isikuandmete kaitse \u00fcldm\u00e4\u00e4rus (GDPR) ning riigisisesed \u00f5igusaktid, mis tagavad selle m\u00e4\u00e4ruse t\u00e4itmise.<\/p>\n<p>&nbsp;<\/p>\n<p><strong>Normatiivaktid <\/strong>\u2013 k\u00f5ik \u00f5igusaktid, ettekirjutused ja juhendid, mida kohaldatakse Osa\u00fchingu suhtes, sealhulgas \u00f5igusaktid, mis on seotud rahapesu t\u00f5kestamise, maksude, raamatupidamise ja finantsettev\u00f5tlusega.<\/p>\n<p>&nbsp;<\/p>\n<ol>\n<li><strong>\u00dcLDS<\/strong><strong>\u00c4<\/strong><strong>TTED<\/strong><\/li>\n<\/ol>\n<p><strong>\u00a0<\/strong><\/p>\n<p>1.1. K\u00e4esolevad reeglid selgitavad ja annavad informatsiooni selle kohta, kuidas LensLegal O\u00dc kogub, s\u00e4ilitab, kasutab ja kaitseb Kasutaja\/Kliendi isiklikku informatsiooni. Teie aktsepteerite k\u00e4esolevat Reeglit Osa\u00fchingu teenuste kasutamise alguses, astudes \u00e4risuhetesse Osa\u00fchinguga. Teie kohustute j\u00e4rgima sealjuures ka Teie jurisdiktsiooni seadusi.<\/p>\n<p>&nbsp;<\/p>\n<p>1.2. Teie isikliku informatsiooni kaitsmine on meie prioriteet. K\u00e4esolev dokument m\u00e4\u00e4rab kindlaks konfidentsiaalse informatsiooni kasutamise korra, samuti Teie isikuandmete kogumise ja kasutamise korra. Teie n\u00f5ustute oma andmetega t\u00f6\u00f6tamise meetoditega, mida on kirjeldatud k\u00e4esolevas dokumendis, aktiveerides vastava s\u00fcmboli \u2713 p\u00e4rast k\u00e4esolevate reeglitega tutvumist.<\/p>\n<p>&nbsp;<\/p>\n<p>1.3. Osa\u00fching kohustub tagama Teie informatsiooni ohutuse ja haldama seda vastavalt meie juriidilistele kohustustele Eesti Vabariigi ja Euroopa liidu eraelu puutumatuse ja isikuandmete kaitse seadusele. LensLegal O\u00dc kasutab Teie isiklikku informatsiooni ainult vastavalt k\u00e4esolevale konfidentsiaalsuspoliitikale ning Eesti Vabariigis kohaldatavale \u00f5igusele. LensLegal O\u00dc v\u00f5ib koguda ka anon\u00fc\u00fcmseid demograafilisi andmeid, mis ei ole Teie jaoks unikaalsed.<\/p>\n<p>&nbsp;<\/p>\n<p>1.4. LensLegal O\u00dc ei kogu mingit isiklikku informatsiooni Teie kohta, kui Teie seda meile vabatahtlikult ei loovuta. Siiski v\u00f5idakse Teilt k\u00fcsida teatud isiklikku informatsiooni\/isikuandmeid juhul, kui Teie otsustate kasutada teatud teenuseid, mis on saadaval Veebilehel. Need v\u00f5ivad olla:<\/p>\n<ul>\n<li>ees- ja perekonnanimi;<\/li>\n<li>telefoninumber;<\/li>\n<li>e-postiaadress;<\/li>\n<li>teenuse kirjeldus \/ nimetus;<\/li>\n<li>muud andmed\/informatsioon, mida annate meile, kasutades:<\/li>\n<li>&#8211; meie veebilehek\u00fclge (info@lenslegal.ee);<\/li>\n<li>&#8211; meie mobiilirakendust;<\/li>\n<li>&#8211; meie kontosid sotsiaalv\u00f5rgustikes, n\u00e4iteks Facebook, LinkedIn jms.<\/li>\n<li>&#8211; suhtlemist meiega telefoni ja e-posti teel v\u00f5i muul viisil, mille k\u00e4igus annate meile andmeid\/informatsiooni t\u00e4iesti vabatahtlikult;<\/li>\n<li>&#8211; andmed usaldusv\u00e4\u00e4rsuse ja vajaliku ettevaatlikkuse kohta, n\u00e4iteks andmed finantsk\u00e4itumise kohta;<\/li>\n<li>&#8211; andmed, mis v\u00f5imaldavad Osa\u00fcingul rakendada vajaliku ettevaatlikkusega abin\u00f5usid rahapesu ja terrorismi rahastamise t\u00f5kestamiseks, samuti rahvusvaheliste sanktsioonide j\u00e4rgimiseks, kaasa arvatud \u00e4risuhete eesm\u00e4rk ja kliendi vastavus poliitilise t\u00e4htsusega isiku staatusele;<\/li>\n<li>&#8211; andmed vara p\u00e4ritolu kohta, n\u00e4iteks Kliendi \u00e4ripartnerite ja ettev\u00f5tluse kohta.<\/li>\n<\/ul>\n<p>&nbsp;<\/p>\n<p>1.5. Me s\u00e4ilitame Teie andmeid ainult nii kaua, kui see on vajalik nende eesm\u00e4rkide t\u00e4itmiseks, milleks neid on registreeritud ja kasutatud. N\u00e4iteks: vastavalt rahapestu ja terrorismi rahastamise t\u00f5kestamise seaduse kohaselt me v\u00f5ime s\u00e4ilitada koopiaid dokumentidest, mis t\u00f5endavad kliendi isikut, andmeid, mis t\u00f5endavad kasusaaja isikut, muid andmeid, mis on saadud Kliendi isiku tuvastamise hetkel, samuti dokumente, mis on seotud arvega ja\/v\u00f5i lepinguga (dokumentide originaalid), viie aasta jooksul p\u00e4rast tehingute v\u00f5i \u00e4risuhete l\u00f5petamist kliendiga. Seda t\u00e4htaega v\u00f5idakse pikendada kuni kaks aastat.<\/p>\n<p>&nbsp;<\/p>\n<p>1.6. Me kasutame Teie informatsiooni selleks, kuid mitte ainult, et suhelda Teiega seoses teenustega, mida Teie meilt olete k\u00fcsinud. LensLegal O\u00dc v\u00f5ib ka hiljem koguda t\u00e4iendavat isiklikku v\u00f5i mitteisiklikku informatsiooni tulevikus.<\/p>\n<p>&nbsp;<\/p>\n<ol start=\"2\">\n<li>LensLegal O\u00dc<strong> REEGLITE AKTSEPTEERIMINE<\/strong><\/li>\n<\/ol>\n<p>&nbsp;<\/p>\n<p>2.1. Kasutades Osa\u00fchingu veebilehek\u00fclge ja\/v\u00f5i teenuseid, Teie kinnitate, et olete k\u00e4esolevad Reeglid l\u00e4bi lugenud ja neist aru saanud. LensLegal O\u00dc j\u00e4tab endale \u00f5iguse uuendada k\u00e4esolevaid Reegleid igal ajal, paigutades uuendatud versiooni veebilehek\u00fcljele, ning konstateerib, et Teie olete iga kord viimase versiooni l\u00e4bi lugenud ja sellest aru saanud, kui kasutate veebilehek\u00fclge v\u00f5i kasutate LensLegal O\u00dc veebilehek\u00fclje teenuseid. Meie soovitame j\u00e4lgida meie veebilehek\u00fclge perioodiliselt, et saada viimast informatsiooni meie meetodite kohta konfidentsiaalsuse tagamisel.<\/p>\n<p>&nbsp;<\/p>\n<ol start=\"3\">\n<li><strong>INFORMATSIOONI VAHETAMINE KOLMANDATE ISIKUTEGA<\/strong><\/li>\n<\/ol>\n<p>&nbsp;<\/p>\n<p>3.1. LensLegal O\u00dc v\u00f5ib jagada andmeid usaldusv\u00e4\u00e4rsete partneritega, et aidata korraldada statistilist anal\u00fc\u00fcsi, saata Teile elektroonilist v\u00f5i tavalist posti, tagada Klientide toetust v\u00f5i organiseerida dokumentide kohaletoimetamist. K\u00f5igil neil kolmandatel isikutel on keelatud kasutada isiklikku informatsiooni muul viisil kui nende teenuste osutamiseks Osa\u00fchingule ning nad on kohustatud s\u00e4ilitama Teie informatsiooni konfidentsiaalsuse.<\/p>\n<p>3.2. LensLegal O\u00dc v\u00f5ib avalikustada Teie isikliku informatsioon sellest ette teatamata, kui seda n\u00f5uab seadus v\u00f5i kui ta arvab kohusetundlikult, et niisugune tegevus on vajalik:<\/p>\n<p>(a) vastavalt seaduse n\u00f5uetele teenuste osutamiseks veebilehek\u00fcljel;<\/p>\n<p>(b) LensLegal O\u00dc omandi\u00f5iguse kaitsmiseks ja\/v\u00f5i<\/p>\n<p>(c) tegutsemiseks erakorraliste asjaolude puhul Osa\u00fchingu klientide isikliku v\u00f5i \u00fcldsuse ohutuse kaitsmiseks.<\/p>\n<p>Meie k\u00e4sutuses olevaid isikuandmeid v\u00f5idakse edasi anda:<\/p>\n<ul>\n<li>teistele partnerfirmadele (afileeritud \u00e4ri\u00fchingutele);<\/li>\n<\/ul>\n<p><em>(Me v<\/em><em>\u00f5<\/em><em>ime anda isikuandmeid teistele \u00e4ri\u00fchingute<\/em><em> (afileeritud <\/em><em>ettev\u00f5tele) ainult sel juhul, kui see on vajalik halduslikel eesm\u00e4rkidel ning professionaalsete teenuste osutamiseks LensLegal O\u00dc Klienteidele.)<\/em><\/p>\n<ul>\n<li>kolmandatele isikutele, kes osutavad Osa\u00fchingule andmet\u00f6\u00f6tlus- v\u00f5i IT-teenuseid;<\/li>\n<li>krediidi- ja makseasutustele pangakonto identsuse kontrollimiseks ja t\u00f5<\/li>\n<\/ul>\n<p>&nbsp;<\/p>\n<p>3.3. LensLegal O\u00dc kasutab teisi organisatsioone meile toetuse andmiseks teenuste osutamisel, samuti abiks meie firmasiseste IT-s\u00fcsteemide \u00fcleandmisel, k\u00e4ivitamisel ja juhtimisel. N\u00e4iteks infotehnoloogiate ja pilvetarkvara tarnijaid kui teenusepakkujaid juhtimise, identifitseerimise veebilehek\u00fclgede majutuse ja haldamise, andmete anal\u00fc\u00fcsi, andmete reservkopeerimise, samuti ohutuse tagamise ja andmete s\u00e4ilitamise ajal. Serverid, mis kindlustavad ja lihtsustavad t\u00f6\u00f6d pilveinfrastruktuuris, asuvad kaitstud andmet\u00f6\u00f6tluskeskustes \u00fcle kogu maailma. Isikuandmeid v\u00f5idakse s\u00e4ilitada iga\u00fches neist. \u00c4ri\u00fchingud, kuhu v\u00f5idakse anda Teie isikuandmeid kliendiga s\u00f5lmitud kokkulepete t\u00e4itmiseks ja teenuste osutamiseks:<\/p>\n<ul>\n<li>Kolmandad osapooled, kes muul viisil aitavad meil pakkuda kaupu, teenuseid v\u00f5i informatsiooni;<\/li>\n<li>Audiitorid, juristid ja teised professionaalsed konsultandid;<\/li>\n<li>\u00d5iguskaitse- v\u00f5i muud valitsus- ja reguleerivad organid v\u00f5i muud kolmandad osapooled vastavalt n\u00f5uetele ning kohaldatavatele seadustele v\u00f5i normatiivaktidele.<\/li>\n<\/ul>\n<p>3.4. Me v\u00f5ime saada j\u00e4relep\u00e4rimisi kolmandatelt isikutelt, kellel on volitused isikuandmete avalikustamisele (finantsinspektsioon, finantsluureosakond jne) eesm\u00e4rgiga kontrollida Firma tegevuse vastavust kehtivale seadusandlusele ja kohalikele normatiivaktidele, uurida kuritegusid ning viia ellu ja kaitsta klientide seaduslikke \u00f5igusi. Me t\u00e4idame j\u00e4relep\u00e4rimisi isikuandmete loovutamise kohta ainult neil juhtudel, mil see on lubatud vastavalt kehtivale seadusandlusele v\u00f5i normatiivaktidele.<\/p>\n<p>3.5. LensLegal O\u00dc v\u00f5ib j\u00e4lgida meie kasutajate veebilehek\u00fclgi, et m\u00e4\u00e4rata kindlaks, millised teenused on k\u00f5ige populaarsemad. Neid andmeid kasutatakse Osa\u00fchingus individualiseeritud sisu ja reklaamkuulutuste edastamiseks neile klientidele, kelle k\u00e4itumine osutab, et nad on huvitatud teatud teemaderingist.<\/p>\n<p>3.6. Informatsiooni Teie arvuti ja tarkvara kohta v\u00f5ib Osa\u00fching koguda automaatselt. See informatsioon v\u00f5ib sisaldada Teie IP-aadressi, brauseri t\u00fc\u00fcpi, domeeninimesid, juurdep\u00e4\u00e4su aega ning veebilehek\u00fclgede aadresse, millele Teie viitate. Seda informatsiooni kasutatakse teenuse funktsioneerimiseks, teeninduse kvaliteedi s\u00e4ilitamiseks, samuti Osa\u00fchingu veebilehek\u00fclje kasutamise \u00fcldise statistika esitamiseks.<\/p>\n<p>&nbsp;<\/p>\n<ol start=\"4\">\n<li><strong>TEIE \u00d5<\/strong><strong>IGUSED<\/strong><\/li>\n<\/ol>\n<p>&nbsp;<\/p>\n<p>4.1. Teil on \u00f5igus saada informatsiooni selle kohta, milliseid isikuandmeid meie oleme registreerinud ja kasutame ning milleks neid kasutatakse. Teie v\u00f5ite saada informatsiooni selle kohta, kui kaua me Teie andmeid s\u00e4ilitame, samuti selle kohta, kes saab Teie andmeid, sellisel m\u00e4\u00e4ral, nagu me neid avalikustame. Ent Teie juurdep\u00e4\u00e4su\u00f5igust v\u00f5idakse piirata seadusandlusega, teiste isikute eraelu kaitsega ning arvestades meie tegevust ja praktikat.<\/p>\n<p>Meie oskusteave, \u00e4risaladused, samuti firmasisesed hinnangud ja materjalid v\u00f5ivad samuti olla tutvumis\u00f5igusest vabastatud.<\/p>\n<p>4.2. Kui andmed on eba\u00f5iged, ebat\u00e4iuslikud v\u00f5i aegunud, on Teil \u00f5igus n\u00f5uda oma andmete parandamist.<\/p>\n<p>&nbsp;<\/p>\n<ol start=\"5\">\n<li><strong>ANDMEKAITSE<\/strong><\/li>\n<\/ol>\n<p>&nbsp;<\/p>\n<p>5.1. LensLegal O\u00dc investeerib m\u00e4rkimisv\u00e4\u00e4rseid ressursse Teie isikliku informatsiooni kaotsimineku, eba\u00f5ige kasutamise, sanktsioneerimata juurdep\u00e4\u00e4su, muutmise v\u00f5i avalikustamise eest. Ent \u00fcksi internetilehek\u00fclg ei ole sajaprotsendiliselt kaitstud ja me ei saa kanda vastutust sanktsioneerimata v\u00f5i ettekavatsematu juurdep\u00e4\u00e4su eest informatsioonile, mis on meie kontrolli all.<\/p>\n<p>&nbsp;<\/p>\n<p>5.2. Juurdep\u00e4\u00e4s informatsioonile, mis v\u00f5imaldab tuvastada isikut, antakse ainult neile t\u00f6\u00f6tajatele, kellel on seda vaja kindlate t\u00f6\u00f6\u00fclesannete t\u00e4itmiseks (n\u00e4iteks juristidele ja LensLegal O\u00dc sisekontrolli osakonnale).<\/p>\n<p>&nbsp;<\/p>\n<ol start=\"6\">\n<li><strong>KONTAKTANDMED<\/strong><\/li>\n<\/ol>\n<p>&nbsp;<\/p>\n<p>6.1. Kui Teil on tekkinud k\u00fcsimusi v\u00f5i Teie soovite saada p\u00f5hjalikumat informatsiooni meie konfidentsiaalsuspoliitika ja Teie isikuandmete t\u00f6\u00f6tlemise kohta, siis olge hea ja v\u00f5tke meiega \u00fchendust e-postiaadressil\u00a0<a href=\"mailto:info@lenslegal.ee\">info@lenslegal.ee<\/a>.<\/p>\n<p>6.2. Osa\u00fchingu kontaktandmed on saadaval meie kodulehel\u00a0<a href=\"http:\/\/www.lenslegal.ee\/\">www.lenslegal.ee<\/a>.[\/vc_column_text][\/vc_column][\/vc_row]<\/p>\n<\/div>","protected":false},"excerpt":{"rendered":"<p>[vc_row][vc_column][vc_column_text el_class=&#8221;textjustify&#8221;]Kliendi andmete t\u00f6\u00f6tlemise reeglid Vastavalt Eesti Vabariigi isikuandmete kaitse seaduse n\u00f5uetele peavad osapooled \u2013 Kasutaja\/Klient ja \u00c4ri\u00fching \u2013 j\u00e4rgima isikuandmete kaitsega seotud seadusi, sealhulgas, kuid mitte ainult, Euroopa Liidu isikuandmete kaitse \u00fcldm\u00e4\u00e4rust (General Data Protection Regulation, GDPR). LensLegal\u00a0O\u00dc\u00a0(tekstis allpool Osa\u00fching v\u00f5i LensLegal O\u00dc) t\u00f6\u00f6tleb isikuandmeid ainult sel m\u00e4\u00e4ral ja sellisel viisil, mis on vajalikud&hellip;<\/p>\n","protected":false},"author":1,"featured_media":0,"parent":0,"menu_order":0,"comment_status":"closed","ping_status":"open","template":"","meta":{"footnotes":""},"class_list":["post-2245","page","type-page","status-publish","hentry","description-off"],"yoast_head":"<!-- This site is optimized with the Yoast SEO plugin v22.6 - https:\/\/yoast.com\/wordpress\/plugins\/seo\/ -->\n<title>Kliendi andmete t\u00f6\u00f6tlemise reeglid - LensLegal O\u00dc<\/title>\n<meta name=\"robots\" content=\"index, follow, max-snippet:-1, max-image-preview:large, max-video-preview:-1\" \/>\n<link rel=\"canonical\" href=\"https:\/\/lenslegal.ee\/et\/kliendi-andmete-tootlemise-reeglid\/\" \/>\n<meta property=\"og:locale\" content=\"et_EE\" \/>\n<meta property=\"og:type\" content=\"article\" \/>\n<meta property=\"og:title\" content=\"Kliendi andmete t\u00f6\u00f6tlemise reeglid - LensLegal O\u00dc\" \/>\n<meta property=\"og:description\" content=\"[vc_row][vc_column][vc_column_text el_class=&#8221;textjustify&#8221;]Kliendi andmete t\u00f6\u00f6tlemise reeglid Vastavalt Eesti Vabariigi isikuandmete kaitse seaduse n\u00f5uetele peavad osapooled \u2013 Kasutaja\/Klient ja \u00c4ri\u00fching \u2013 j\u00e4rgima isikuandmete kaitsega seotud seadusi, sealhulgas, kuid mitte ainult, Euroopa Liidu isikuandmete kaitse \u00fcldm\u00e4\u00e4rust (General Data Protection Regulation, GDPR). LensLegal\u00a0O\u00dc\u00a0(tekstis allpool Osa\u00fching v\u00f5i LensLegal O\u00dc) t\u00f6\u00f6tleb isikuandmeid ainult sel m\u00e4\u00e4ral ja sellisel viisil, mis on vajalikud&hellip;\" \/>\n<meta property=\"og:url\" content=\"https:\/\/lenslegal.ee\/et\/kliendi-andmete-tootlemise-reeglid\/\" \/>\n<meta property=\"og:site_name\" content=\"LensLegal O\u00dc\" \/>\n<meta property=\"article:modified_time\" content=\"2021-12-07T09:22:24+00:00\" \/>\n<meta name=\"twitter:card\" content=\"summary_large_image\" \/>\n<meta name=\"twitter:label1\" content=\"Est. reading time\" \/>\n\t<meta name=\"twitter:data1\" content=\"7 minutit\" \/>\n<script type=\"application\/ld+json\" class=\"yoast-schema-graph\">{\"@context\":\"https:\/\/schema.org\",\"@graph\":[{\"@type\":\"WebPage\",\"@id\":\"https:\/\/lenslegal.ee\/et\/kliendi-andmete-tootlemise-reeglid\/\",\"url\":\"https:\/\/lenslegal.ee\/et\/kliendi-andmete-tootlemise-reeglid\/\",\"name\":\"Kliendi andmete t\u00f6\u00f6tlemise reeglid - LensLegal O\u00dc\",\"isPartOf\":{\"@id\":\"https:\/\/lenslegal.ee\/#website\"},\"datePublished\":\"2021-01-18T08:49:27+00:00\",\"dateModified\":\"2021-12-07T09:22:24+00:00\",\"breadcrumb\":{\"@id\":\"https:\/\/lenslegal.ee\/et\/kliendi-andmete-tootlemise-reeglid\/#breadcrumb\"},\"inLanguage\":\"et\",\"potentialAction\":[{\"@type\":\"ReadAction\",\"target\":[\"https:\/\/lenslegal.ee\/et\/kliendi-andmete-tootlemise-reeglid\/\"]}]},{\"@type\":\"BreadcrumbList\",\"@id\":\"https:\/\/lenslegal.ee\/et\/kliendi-andmete-tootlemise-reeglid\/#breadcrumb\",\"itemListElement\":[{\"@type\":\"ListItem\",\"position\":1,\"name\":\"Home\",\"item\":\"https:\/\/lenslegal.ee\/et\/\"},{\"@type\":\"ListItem\",\"position\":2,\"name\":\"Kliendi andmete t\u00f6\u00f6tlemise reeglid\"}]},{\"@type\":\"WebSite\",\"@id\":\"https:\/\/lenslegal.ee\/#website\",\"url\":\"https:\/\/lenslegal.ee\/\",\"name\":\"LensLegal O\u00dc\",\"description\":\"\",\"publisher\":{\"@id\":\"https:\/\/lenslegal.ee\/#organization\"},\"potentialAction\":[{\"@type\":\"SearchAction\",\"target\":{\"@type\":\"EntryPoint\",\"urlTemplate\":\"https:\/\/lenslegal.ee\/?s={search_term_string}\"},\"query-input\":\"required name=search_term_string\"}],\"inLanguage\":\"et\"},{\"@type\":\"Organization\",\"@id\":\"https:\/\/lenslegal.ee\/#organization\",\"name\":\"LensLegal O\u00dc\",\"url\":\"https:\/\/lenslegal.ee\/\",\"logo\":{\"@type\":\"ImageObject\",\"inLanguage\":\"et\",\"@id\":\"https:\/\/lenslegal.ee\/#\/schema\/logo\/image\/\",\"url\":\"https:\/\/lenslegal.ee\/wp-content\/uploads\/2021\/01\/LensLegal-logo-hd.png\",\"contentUrl\":\"https:\/\/lenslegal.ee\/wp-content\/uploads\/2021\/01\/LensLegal-logo-hd.png\",\"width\":370,\"height\":51,\"caption\":\"LensLegal O\u00dc\"},\"image\":{\"@id\":\"https:\/\/lenslegal.ee\/#\/schema\/logo\/image\/\"}}]}<\/script>\n<!-- \/ Yoast SEO plugin. -->","yoast_head_json":{"title":"Kliendi andmete t\u00f6\u00f6tlemise reeglid - LensLegal O\u00dc","robots":{"index":"index","follow":"follow","max-snippet":"max-snippet:-1","max-image-preview":"max-image-preview:large","max-video-preview":"max-video-preview:-1"},"canonical":"https:\/\/lenslegal.ee\/et\/kliendi-andmete-tootlemise-reeglid\/","og_locale":"et_EE","og_type":"article","og_title":"Kliendi andmete t\u00f6\u00f6tlemise reeglid - LensLegal O\u00dc","og_description":"[vc_row][vc_column][vc_column_text el_class=&#8221;textjustify&#8221;]Kliendi andmete t\u00f6\u00f6tlemise reeglid Vastavalt Eesti Vabariigi isikuandmete kaitse seaduse n\u00f5uetele peavad osapooled \u2013 Kasutaja\/Klient ja \u00c4ri\u00fching \u2013 j\u00e4rgima isikuandmete kaitsega seotud seadusi, sealhulgas, kuid mitte ainult, Euroopa Liidu isikuandmete kaitse \u00fcldm\u00e4\u00e4rust (General Data Protection Regulation, GDPR). LensLegal\u00a0O\u00dc\u00a0(tekstis allpool Osa\u00fching v\u00f5i LensLegal O\u00dc) t\u00f6\u00f6tleb isikuandmeid ainult sel m\u00e4\u00e4ral ja sellisel viisil, mis on vajalikud&hellip;","og_url":"https:\/\/lenslegal.ee\/et\/kliendi-andmete-tootlemise-reeglid\/","og_site_name":"LensLegal O\u00dc","article_modified_time":"2021-12-07T09:22:24+00:00","twitter_card":"summary_large_image","twitter_misc":{"Est. reading time":"7 minutit"},"schema":{"@context":"https:\/\/schema.org","@graph":[{"@type":"WebPage","@id":"https:\/\/lenslegal.ee\/et\/kliendi-andmete-tootlemise-reeglid\/","url":"https:\/\/lenslegal.ee\/et\/kliendi-andmete-tootlemise-reeglid\/","name":"Kliendi andmete t\u00f6\u00f6tlemise reeglid - LensLegal O\u00dc","isPartOf":{"@id":"https:\/\/lenslegal.ee\/#website"},"datePublished":"2021-01-18T08:49:27+00:00","dateModified":"2021-12-07T09:22:24+00:00","breadcrumb":{"@id":"https:\/\/lenslegal.ee\/et\/kliendi-andmete-tootlemise-reeglid\/#breadcrumb"},"inLanguage":"et","potentialAction":[{"@type":"ReadAction","target":["https:\/\/lenslegal.ee\/et\/kliendi-andmete-tootlemise-reeglid\/"]}]},{"@type":"BreadcrumbList","@id":"https:\/\/lenslegal.ee\/et\/kliendi-andmete-tootlemise-reeglid\/#breadcrumb","itemListElement":[{"@type":"ListItem","position":1,"name":"Home","item":"https:\/\/lenslegal.ee\/et\/"},{"@type":"ListItem","position":2,"name":"Kliendi andmete t\u00f6\u00f6tlemise reeglid"}]},{"@type":"WebSite","@id":"https:\/\/lenslegal.ee\/#website","url":"https:\/\/lenslegal.ee\/","name":"LensLegal O\u00dc","description":"","publisher":{"@id":"https:\/\/lenslegal.ee\/#organization"},"potentialAction":[{"@type":"SearchAction","target":{"@type":"EntryPoint","urlTemplate":"https:\/\/lenslegal.ee\/?s={search_term_string}"},"query-input":"required name=search_term_string"}],"inLanguage":"et"},{"@type":"Organization","@id":"https:\/\/lenslegal.ee\/#organization","name":"LensLegal O\u00dc","url":"https:\/\/lenslegal.ee\/","logo":{"@type":"ImageObject","inLanguage":"et","@id":"https:\/\/lenslegal.ee\/#\/schema\/logo\/image\/","url":"https:\/\/lenslegal.ee\/wp-content\/uploads\/2021\/01\/LensLegal-logo-hd.png","contentUrl":"https:\/\/lenslegal.ee\/wp-content\/uploads\/2021\/01\/LensLegal-logo-hd.png","width":370,"height":51,"caption":"LensLegal O\u00dc"},"image":{"@id":"https:\/\/lenslegal.ee\/#\/schema\/logo\/image\/"}}]}},"_links":{"self":[{"href":"https:\/\/lenslegal.ee\/et\/wp-json\/wp\/v2\/pages\/2245","targetHints":{"allow":["GET"]}}],"collection":[{"href":"https:\/\/lenslegal.ee\/et\/wp-json\/wp\/v2\/pages"}],"about":[{"href":"https:\/\/lenslegal.ee\/et\/wp-json\/wp\/v2\/types\/page"}],"author":[{"embeddable":true,"href":"https:\/\/lenslegal.ee\/et\/wp-json\/wp\/v2\/users\/1"}],"replies":[{"embeddable":true,"href":"https:\/\/lenslegal.ee\/et\/wp-json\/wp\/v2\/comments?post=2245"}],"version-history":[{"count":3,"href":"https:\/\/lenslegal.ee\/et\/wp-json\/wp\/v2\/pages\/2245\/revisions"}],"predecessor-version":[{"id":2248,"href":"https:\/\/lenslegal.ee\/et\/wp-json\/wp\/v2\/pages\/2245\/revisions\/2248"}],"wp:attachment":[{"href":"https:\/\/lenslegal.ee\/et\/wp-json\/wp\/v2\/media?parent=2245"}],"curies":[{"name":"wp","href":"https:\/\/api.w.org\/{rel}","templated":true}]}}