{"id":2250,"date":"2021-02-26T07:02:44","date_gmt":"2021-02-26T07:02:44","guid":{"rendered":"https:\/\/lenslegal.ee\/cookies\/"},"modified":"2021-12-07T09:24:43","modified_gmt":"2021-12-07T09:24:43","slug":"kupsiste-kasutamise-pohimotted","status":"publish","type":"page","link":"https:\/\/lenslegal.ee\/et\/kupsiste-kasutamise-pohimotted\/","title":{"rendered":"K\u00fcpsiste kasutamise p\u00f5him\u00f5tted"},"content":{"rendered":"<div class=\"wpb-content-wrapper\"><p>[vc_row][vc_column][vc_column_text el_class=&#8221;textjustify&#8221;]<strong>K\u00fcpsiste kasutamise p\u00f5him\u00f5tted<\/strong><\/p>\n<p>&nbsp;<\/p>\n<p>K\u00e4esolevad reeglid elgitavad, kuidas ja miks v\u00f5ivad siis, kui Teie kasutate v\u00f5i k\u00fclastate veebilehte <a href=\"http:\/\/www.lenslegal.ee\">www.lenslegal.ee<\/a>, Teie seadmes s\u00e4ilida ja\/v\u00f5i meie ettev\u00f5te v\u00f5ib saada juurdep\u00e4\u00e4su k\u00fcpsistele, veebikonsultantidele, pikslitele ja muudele sellistele tehnoloogiatele. LensLegal O\u00dc v\u00f5ib igal ajal seda k\u00fcpsiste kasutamise poliitikat muuta. K\u00e4esolevad tingimused on LensLegal O\u00dc (tekstis edaspidi Osa\u00fching v\u00f5i LensLegal O\u00dc) konfidentsiaalsuspoliitika lahutamatu osa.<\/p>\n<p>&nbsp;<\/p>\n<ol>\n<li><strong> Mis on k\u00fcpsised?<\/strong><\/li>\n<\/ol>\n<p>&nbsp;<\/p>\n<p>K\u00fcpsised on v\u00e4ikesed tekstifailid, mida s\u00e4ilitatakse Teie arvutis v\u00f5i mobiilseadmes. Need sisaldavad teatud andmemahtu, mida meie veebilehek\u00fclg v\u00f5ib saata Teie brauserisse. K\u00fcpsiseid v\u00f5idakse s\u00e4ilitada Teie arvuti k\u00f5vakettal ja need on ligip\u00e4\u00e4setavad meie veebiserverile. Neid k\u00fcpsiste andmeid v\u00f5idakse v\u00e4lja v\u00f5tta ning need v\u00f5imaldavad meil vastavalt kohandada meie veebilehek\u00fclgi ja teenuseid.<\/p>\n<p>&nbsp;<\/p>\n<ol start=\"2\">\n<li><strong> Kuidas meie veebilehek\u00fcljed kasutavad k\u00fcpsiseid ja muid j\u00e4lgimistehnoloogiaid?<\/strong><\/li>\n<\/ol>\n<p>&nbsp;<\/p>\n<p>LensLegal O\u00dc kasutab k\u00fcpsiseid ja muid j\u00e4lgimistehnoloogiaid selleks, et identifitseerida Teid ja Teie huvisid, j\u00e4tta meelde Teie eelistusi ning n\u00e4ha, kuidas meie veebilehek\u00fclge kasutatakse. LensLegal O\u00dc kasutab k\u00fcpsiseid ja muid tehnoloogiaid, et kontrollida ligip\u00e4\u00e4su Osa\u00fchingu lehek\u00fclgede teatud sisule, kaitsta meie veebilehek\u00fclgi ja t\u00f6\u00f6delda Teie mis tahes j\u00e4relep\u00e4rimisi.<\/p>\n<p>&nbsp;<\/p>\n<p>Meie partnerid aitavad meil teenindada reklaami- ja anal\u00fc\u00fctikafirmasid, selliseid nagu Google Analytics, kes samuti v\u00f5ivad paigutada k\u00fcpsiseid teie arvutisse. Tutvuge palun nende konfidentsiaalsuspoliitikaga, veendumaks, et k\u00fcpsiste kasutamise meetod on Teile arusaadav.<\/p>\n<p>&nbsp;<\/p>\n<ol start=\"3\">\n<li><strong> Eesm\u00e4rk<\/strong><\/li>\n<\/ol>\n<p>&nbsp;<\/p>\n<p>Me kasutame mainitud k\u00fcpsiseid seoses LensLegla O\u00dc tegevuse ning eri lahenduste ja teenustega, mida meie \u00e4ri\u00fching pakub. Lisaks sellele LensLegal O\u00dc kasutab k\u00fcpsiseid statistika koostamiseks, mida v\u00f5idakse n\u00e4iteks kasutada meie veebilehek\u00fclje t\u00f6\u00f6 parandamiseks vastavalt Teie vajadustele. M\u00f5ningaid k\u00fcpsiseid kasutame ka meie turunduses.<\/p>\n<p>&nbsp;<\/p>\n<p>K\u00fcpsiseid ei saa kasutada Teie kui isiku identifitseerimiseks, kuid LensLegal O\u00dc v\u00f5ib kasutada informatsiooni veebilehek\u00fclgede kohta, mida k\u00fclastatakse Teie arvutist. LensLegal O\u00dc kasutab andmeid ainult vastavalt kehtivale seadusandlusele.<\/p>\n<p>&nbsp;<\/p>\n<ol start=\"4\">\n<li><strong> N\u00f5usolek k\u00fcpsiste kasutamisega<\/strong><\/li>\n<\/ol>\n<p><strong>\u00a0<\/strong><\/p>\n<p>Meie veebilehek\u00fclje v\u00f5i lisa esmakordsel kasutamisel n\u00e4idatakse teadet k\u00fcpsiste kasutamise kohta. Teie n\u00f5ustute k\u00fcpsiste kasutamisega, vajutades nupule \u201eN\u00f5ustun\u201c. Kui Te ei aktiveeri\/ei vajuta \u201eN\u00f5ustun\u201c, siis n\u00f5usolekut ei anta ning mingeid k\u00fcpsised ei paigutata, v\u00e4lja arvatud need, mis on vajalikud meie veebilehek\u00fclgede funktsioneerimiseks. Siiski meie s\u00e4ilitame need, et j\u00e4tta meelde Teie valik, ning seoses Teie j\u00e4rgmise k\u00fclastusega mingeid muid k\u00fcpsiseid ei kasutata, kui Teie ei vali m\u00e4rki \u201eN\u00f5ustun\u201c.<\/p>\n<p>&nbsp;<\/p>\n<ol start=\"5\">\n<li><strong> Kuidas ma v\u00f5in keelduda lehek\u00fclje kasutamisest v\u00f5i oma n\u00f5usoleku tagasi kutsuda?<\/strong><\/li>\n<\/ol>\n<p>&nbsp;<\/p>\n<p>Teie v\u00f5ite saata meile teate v\u00f5i seadistada oma e-posti programmi nii, et see l\u00fclitab v\u00e4lja funktsiooni, mis v\u00f5imaldab alla laadida kaugeid kujutisi ja hoiduda liimumast mis tahes linkide kaudu e-postis\u00f5numites.<\/p>\n<p>&nbsp;<\/p>\n<ol start=\"6\">\n<li><strong> V\u00f5tke meiega \u00fchendust<\/strong><\/li>\n<\/ol>\n<p>&nbsp;<\/p>\n<p>Kui Teil on muid k\u00fcsimusi meie k\u00fcpsiste kasutamise poliitika kohta, siis v\u00f5tke palun meiega \u00fchendust e-postiaadressil: <a href=\"mailto:info@lenslegal.ee\">info@lenslegal.ee<\/a>[\/vc_column_text][\/vc_column][\/vc_row]<\/p>\n<\/div>","protected":false},"excerpt":{"rendered":"<p>[vc_row][vc_column][vc_column_text el_class=&#8221;textjustify&#8221;]K\u00fcpsiste kasutamise p\u00f5him\u00f5tted &nbsp; K\u00e4esolevad reeglid elgitavad, kuidas ja miks v\u00f5ivad siis, kui Teie kasutate v\u00f5i k\u00fclastate veebilehte www.lenslegal.ee, Teie seadmes s\u00e4ilida ja\/v\u00f5i meie ettev\u00f5te v\u00f5ib saada juurdep\u00e4\u00e4su k\u00fcpsistele, veebikonsultantidele, pikslitele ja muudele sellistele tehnoloogiatele. LensLegal O\u00dc v\u00f5ib igal ajal seda k\u00fcpsiste kasutamise poliitikat muuta. K\u00e4esolevad tingimused on LensLegal O\u00dc (tekstis edaspidi Osa\u00fching v\u00f5i&hellip;<\/p>\n","protected":false},"author":1,"featured_media":0,"parent":0,"menu_order":0,"comment_status":"closed","ping_status":"open","template":"","meta":{"footnotes":""},"class_list":["post-2250","page","type-page","status-publish","hentry","description-off"],"yoast_head":"<!-- This site is optimized with the Yoast SEO plugin v22.6 - https:\/\/yoast.com\/wordpress\/plugins\/seo\/ -->\n<title>K\u00fcpsiste kasutamise p\u00f5him\u00f5tted - LensLegal O\u00dc<\/title>\n<meta name=\"robots\" content=\"index, follow, max-snippet:-1, max-image-preview:large, max-video-preview:-1\" \/>\n<link rel=\"canonical\" href=\"https:\/\/lenslegal.ee\/et\/kupsiste-kasutamise-pohimotted\/\" \/>\n<meta property=\"og:locale\" content=\"et_EE\" \/>\n<meta property=\"og:type\" content=\"article\" \/>\n<meta property=\"og:title\" content=\"K\u00fcpsiste kasutamise p\u00f5him\u00f5tted - LensLegal O\u00dc\" \/>\n<meta property=\"og:description\" content=\"[vc_row][vc_column][vc_column_text el_class=&#8221;textjustify&#8221;]K\u00fcpsiste kasutamise p\u00f5him\u00f5tted &nbsp; K\u00e4esolevad reeglid elgitavad, kuidas ja miks v\u00f5ivad siis, kui Teie kasutate v\u00f5i k\u00fclastate veebilehte www.lenslegal.ee, Teie seadmes s\u00e4ilida ja\/v\u00f5i meie ettev\u00f5te v\u00f5ib saada juurdep\u00e4\u00e4su k\u00fcpsistele, veebikonsultantidele, pikslitele ja muudele sellistele tehnoloogiatele. LensLegal O\u00dc v\u00f5ib igal ajal seda k\u00fcpsiste kasutamise poliitikat muuta. K\u00e4esolevad tingimused on LensLegal O\u00dc (tekstis edaspidi Osa\u00fching v\u00f5i&hellip;\" \/>\n<meta property=\"og:url\" content=\"https:\/\/lenslegal.ee\/et\/kupsiste-kasutamise-pohimotted\/\" \/>\n<meta property=\"og:site_name\" content=\"LensLegal O\u00dc\" \/>\n<meta property=\"article:modified_time\" content=\"2021-12-07T09:24:43+00:00\" \/>\n<meta name=\"twitter:card\" content=\"summary_large_image\" \/>\n<meta name=\"twitter:label1\" content=\"Est. reading time\" \/>\n\t<meta name=\"twitter:data1\" content=\"2 minutit\" \/>\n<script type=\"application\/ld+json\" class=\"yoast-schema-graph\">{\"@context\":\"https:\/\/schema.org\",\"@graph\":[{\"@type\":\"WebPage\",\"@id\":\"https:\/\/lenslegal.ee\/et\/kupsiste-kasutamise-pohimotted\/\",\"url\":\"https:\/\/lenslegal.ee\/et\/kupsiste-kasutamise-pohimotted\/\",\"name\":\"K\u00fcpsiste kasutamise p\u00f5him\u00f5tted - LensLegal O\u00dc\",\"isPartOf\":{\"@id\":\"https:\/\/lenslegal.ee\/#website\"},\"datePublished\":\"2021-02-26T07:02:44+00:00\",\"dateModified\":\"2021-12-07T09:24:43+00:00\",\"breadcrumb\":{\"@id\":\"https:\/\/lenslegal.ee\/et\/kupsiste-kasutamise-pohimotted\/#breadcrumb\"},\"inLanguage\":\"et\",\"potentialAction\":[{\"@type\":\"ReadAction\",\"target\":[\"https:\/\/lenslegal.ee\/et\/kupsiste-kasutamise-pohimotted\/\"]}]},{\"@type\":\"BreadcrumbList\",\"@id\":\"https:\/\/lenslegal.ee\/et\/kupsiste-kasutamise-pohimotted\/#breadcrumb\",\"itemListElement\":[{\"@type\":\"ListItem\",\"position\":1,\"name\":\"Home\",\"item\":\"https:\/\/lenslegal.ee\/et\/\"},{\"@type\":\"ListItem\",\"position\":2,\"name\":\"K\u00fcpsiste kasutamise p\u00f5him\u00f5tted\"}]},{\"@type\":\"WebSite\",\"@id\":\"https:\/\/lenslegal.ee\/#website\",\"url\":\"https:\/\/lenslegal.ee\/\",\"name\":\"LensLegal O\u00dc\",\"description\":\"\",\"publisher\":{\"@id\":\"https:\/\/lenslegal.ee\/#organization\"},\"potentialAction\":[{\"@type\":\"SearchAction\",\"target\":{\"@type\":\"EntryPoint\",\"urlTemplate\":\"https:\/\/lenslegal.ee\/?s={search_term_string}\"},\"query-input\":\"required name=search_term_string\"}],\"inLanguage\":\"et\"},{\"@type\":\"Organization\",\"@id\":\"https:\/\/lenslegal.ee\/#organization\",\"name\":\"LensLegal O\u00dc\",\"url\":\"https:\/\/lenslegal.ee\/\",\"logo\":{\"@type\":\"ImageObject\",\"inLanguage\":\"et\",\"@id\":\"https:\/\/lenslegal.ee\/#\/schema\/logo\/image\/\",\"url\":\"https:\/\/lenslegal.ee\/wp-content\/uploads\/2021\/01\/LensLegal-logo-hd.png\",\"contentUrl\":\"https:\/\/lenslegal.ee\/wp-content\/uploads\/2021\/01\/LensLegal-logo-hd.png\",\"width\":370,\"height\":51,\"caption\":\"LensLegal O\u00dc\"},\"image\":{\"@id\":\"https:\/\/lenslegal.ee\/#\/schema\/logo\/image\/\"}}]}<\/script>\n<!-- \/ Yoast SEO plugin. -->","yoast_head_json":{"title":"K\u00fcpsiste kasutamise p\u00f5him\u00f5tted - LensLegal O\u00dc","robots":{"index":"index","follow":"follow","max-snippet":"max-snippet:-1","max-image-preview":"max-image-preview:large","max-video-preview":"max-video-preview:-1"},"canonical":"https:\/\/lenslegal.ee\/et\/kupsiste-kasutamise-pohimotted\/","og_locale":"et_EE","og_type":"article","og_title":"K\u00fcpsiste kasutamise p\u00f5him\u00f5tted - LensLegal O\u00dc","og_description":"[vc_row][vc_column][vc_column_text el_class=&#8221;textjustify&#8221;]K\u00fcpsiste kasutamise p\u00f5him\u00f5tted &nbsp; K\u00e4esolevad reeglid elgitavad, kuidas ja miks v\u00f5ivad siis, kui Teie kasutate v\u00f5i k\u00fclastate veebilehte www.lenslegal.ee, Teie seadmes s\u00e4ilida ja\/v\u00f5i meie ettev\u00f5te v\u00f5ib saada juurdep\u00e4\u00e4su k\u00fcpsistele, veebikonsultantidele, pikslitele ja muudele sellistele tehnoloogiatele. LensLegal O\u00dc v\u00f5ib igal ajal seda k\u00fcpsiste kasutamise poliitikat muuta. K\u00e4esolevad tingimused on LensLegal O\u00dc (tekstis edaspidi Osa\u00fching v\u00f5i&hellip;","og_url":"https:\/\/lenslegal.ee\/et\/kupsiste-kasutamise-pohimotted\/","og_site_name":"LensLegal O\u00dc","article_modified_time":"2021-12-07T09:24:43+00:00","twitter_card":"summary_large_image","twitter_misc":{"Est. reading time":"2 minutit"},"schema":{"@context":"https:\/\/schema.org","@graph":[{"@type":"WebPage","@id":"https:\/\/lenslegal.ee\/et\/kupsiste-kasutamise-pohimotted\/","url":"https:\/\/lenslegal.ee\/et\/kupsiste-kasutamise-pohimotted\/","name":"K\u00fcpsiste kasutamise p\u00f5him\u00f5tted - LensLegal O\u00dc","isPartOf":{"@id":"https:\/\/lenslegal.ee\/#website"},"datePublished":"2021-02-26T07:02:44+00:00","dateModified":"2021-12-07T09:24:43+00:00","breadcrumb":{"@id":"https:\/\/lenslegal.ee\/et\/kupsiste-kasutamise-pohimotted\/#breadcrumb"},"inLanguage":"et","potentialAction":[{"@type":"ReadAction","target":["https:\/\/lenslegal.ee\/et\/kupsiste-kasutamise-pohimotted\/"]}]},{"@type":"BreadcrumbList","@id":"https:\/\/lenslegal.ee\/et\/kupsiste-kasutamise-pohimotted\/#breadcrumb","itemListElement":[{"@type":"ListItem","position":1,"name":"Home","item":"https:\/\/lenslegal.ee\/et\/"},{"@type":"ListItem","position":2,"name":"K\u00fcpsiste kasutamise p\u00f5him\u00f5tted"}]},{"@type":"WebSite","@id":"https:\/\/lenslegal.ee\/#website","url":"https:\/\/lenslegal.ee\/","name":"LensLegal O\u00dc","description":"","publisher":{"@id":"https:\/\/lenslegal.ee\/#organization"},"potentialAction":[{"@type":"SearchAction","target":{"@type":"EntryPoint","urlTemplate":"https:\/\/lenslegal.ee\/?s={search_term_string}"},"query-input":"required name=search_term_string"}],"inLanguage":"et"},{"@type":"Organization","@id":"https:\/\/lenslegal.ee\/#organization","name":"LensLegal O\u00dc","url":"https:\/\/lenslegal.ee\/","logo":{"@type":"ImageObject","inLanguage":"et","@id":"https:\/\/lenslegal.ee\/#\/schema\/logo\/image\/","url":"https:\/\/lenslegal.ee\/wp-content\/uploads\/2021\/01\/LensLegal-logo-hd.png","contentUrl":"https:\/\/lenslegal.ee\/wp-content\/uploads\/2021\/01\/LensLegal-logo-hd.png","width":370,"height":51,"caption":"LensLegal O\u00dc"},"image":{"@id":"https:\/\/lenslegal.ee\/#\/schema\/logo\/image\/"}}]}},"_links":{"self":[{"href":"https:\/\/lenslegal.ee\/et\/wp-json\/wp\/v2\/pages\/2250","targetHints":{"allow":["GET"]}}],"collection":[{"href":"https:\/\/lenslegal.ee\/et\/wp-json\/wp\/v2\/pages"}],"about":[{"href":"https:\/\/lenslegal.ee\/et\/wp-json\/wp\/v2\/types\/page"}],"author":[{"embeddable":true,"href":"https:\/\/lenslegal.ee\/et\/wp-json\/wp\/v2\/users\/1"}],"replies":[{"embeddable":true,"href":"https:\/\/lenslegal.ee\/et\/wp-json\/wp\/v2\/comments?post=2250"}],"version-history":[{"count":1,"href":"https:\/\/lenslegal.ee\/et\/wp-json\/wp\/v2\/pages\/2250\/revisions"}],"predecessor-version":[{"id":2251,"href":"https:\/\/lenslegal.ee\/et\/wp-json\/wp\/v2\/pages\/2250\/revisions\/2251"}],"wp:attachment":[{"href":"https:\/\/lenslegal.ee\/et\/wp-json\/wp\/v2\/media?parent=2250"}],"curies":[{"name":"wp","href":"https:\/\/api.w.org\/{rel}","templated":true}]}}